   
{"id":13311,"date":"2020-10-28T14:06:56","date_gmt":"2020-10-28T14:06:56","guid":{"rendered":"https:\/\/www.geneticmatrixtest.com\/?page_id=13311"},"modified":"2020-10-28T14:08:43","modified_gmt":"2020-10-28T14:08:43","slug":"design-humano-centro-do-plexo-solar","status":"publish","type":"page","link":"https:\/\/www.staginggm.com\/pt-pt\/design-humano-centro-do-plexo-solar\/","title":{"rendered":"Design Humano \u2013 Centro do Plexo Solar"},"content":{"rendered":"<div id=\"content\">\r\n<div class=\"test_page\">\r\n<div class=\"breadcam\"><a href=\"\/\">Casae<\/a> \u00bb <a href=\"\/pt-pt\/centro-de-informacoes\/\">Centro De Informacoes<\/a> \u00bb<a href=\"\/Design Humano \u2013 Centro do Plexo Solar\/\">9 centros<\/a> \u00bb Design Humano \u2013 Centro do Plexo Solar<\/div>\r\n<\/div>\r\n<div class=\"l_content left mar_top\">\r\n<div class=\"services\">\r\n<h3><strong>Design Humano \u2013 Centro do Plexo Solar<\/strong><\/h3>\r\n<ul>\r\n \t<li>O Centro do Plexo Solar \u00e9 tanto um Centro de Consciencializa\u00e7\u00e3o quanto um Centro Motor (Energia das Ondas)<\/li>\r\n<\/ul>\r\n<a href=\"https:\/\/www.geneticmatrix.com\/wp-content\/uploads\/2020\/07\/Solar-Plexus-Image.jpg\"><img class=\"alignnone wp-image-13313 size-medium\" src=\"https:\/\/www.geneticmatrix.com\/wp-content\/uploads\/2020\/07\/Solar-Plexus-Image-252x300.jpg\" alt=\"\" width=\"252\" height=\"300\" \/><\/a>\r\n\r\n<\/div>\r\n<\/div>\r\n<\/div>\r\n<div id=\"content\">\r\n<div class=\"l_content left mar_top\">\r\n<div class=\"services\">\r\n\r\n<!--\r\n<div class=\"solarple right\">Passe o mouse sobre as imagens<\/div>\r\n-->\r\n<div class=\"clear\"><\/div>\r\n<div class=\"services\">\r\n<div class=\"right gall_sys\">\r\n<h3>A Biologia<\/h3>\r\n<ul>\r\n \t<li>Tr\u00eas dos sete port\u00f5es do Centro do Plexo Solar fazem parte do Circuito Tribal (6,37,49)<\/li>\r\n \t<li>Duas das sete portas do Centro do Plexo Solar fazem parte do Circuito Individual (22,55)<\/li>\r\n \t<li>Duas das sete portas no Centro do Plexo Solar fazem parte do Circuito Coletivo (30,36) \u2013 ambos s\u00e3o de natureza abstrata.<\/li>\r\n \t<li>N\u00e3o existem portas de L\u00f3gica Coletiva no Centro do Plexo Solar.<\/li>\r\n \t<li>O <a href=\"https:\/\/en.wikipedia.org\/wiki\/Nervous_system\" target=\"_new\" rel=\"noopener noreferrer\">Sistema Nervoso<\/a> comunica-nos sobre o nosso ambiente; isto provoca rea\u00e7\u00f5es em outras partes do nosso corpo.<\/li>\r\n \t<li>Os<a href=\"https:\/\/en.wikipedia.org\/wiki\/Kidneys\" target=\"_new\" rel=\"noopener noreferrer\">Rins<\/a> s\u00e3o \u00f3rg\u00e3os complicados que t\u00eam in\u00fameros pap\u00e9is biol\u00f3gicos. O seu papel principal \u00e9 manter o<a href=\"https:\/\/en.wikipedia.org\/wiki\/Homeostasis\" target=\"_new\" rel=\"noopener noreferrer\">homeost\u00e1tico<\/a> equil\u00edbrio dos nossos fluidos corporais.<\/li>\r\n \t<li>O<a href=\"https:\/\/en.wikipedia.org\/wiki\/Pancreas\" target=\"_new\" rel=\"noopener noreferrer\">P\u00e2ncreas<\/a> \u00e9 uma gl\u00e2ndula e um \u00f3rg\u00e3o que faz parte do sistema digestivo no nosso corpo. Tanto produz como segrega fluidos importantes para o nosso <a href=\"https:\/\/en.wikipedia.org\/wiki\/Digestive_system\" target=\"_new\" rel=\"noopener noreferrer\"> digestivo<\/a> e <a href=\"https:\/\/en.wikipedia.org\/wiki\/Endocrine_system\" target=\"_new\" rel=\"noopener noreferrer\">sistema end\u00f3crino.<\/a>.<\/li>\r\n \t<li>Apenas os homens t\u00eam uma <a href=\"https:\/\/en.wikipedia.org\/wiki\/Prostate\" target=\"_new\" rel=\"noopenernoreferrer noopener noreferrer\">prost\u00e1tica<\/a> e a sua principal fun\u00e7\u00e3o \u00e9 armazenar e produzir como secre\u00e7\u00e3o um fluido <a href=\"https:\/\/en.wikipedia.org\/wiki\/Base_%28chemistry%29\" target=\"_new\" rel=\"noopener noreferrer\">alcalino<\/a> fluido que compreende 10-30% do <a href=\"https:\/\/en.wikipedia.org\/wiki\/Seminal_fluid\" target=\"_new\" rel=\"noopener noreferrer\">fluido seminal.<\/a>.<\/li>\r\n<\/ul>\r\n<\/div>\r\n<div class=\"clear\"><\/div>\r\n<h3>Algumas das palavras-chave associadas ao Centro do Plexo Solar e as <a href=\"&lt;?php echo site_url(); ?&gt;\/human-design-gates\/\">Portas<\/a> s\u00e3o:<\/h3>\r\n<table class=\"personality\" border=\"1\" width=\"650\" cellspacing=\"0\" cellpadding=\"0\">\r\n<tbody>\r\n<tr>\r\n<td>Ondas emocionais<\/td>\r\n<td>Discrimina\u00e7\u00e3o<\/td>\r\n<td>Comunidade<\/td>\r\n<\/tr>\r\n<tr>\r\n<td>Amizade<\/td>\r\n<td>Nenhuma verdade no agora<\/td>\r\n<td>Pechinchas<\/td>\r\n<\/tr>\r\n<tr>\r\n<td>Sensibilidade<\/td>\r\n<td>Lealdade<\/td>\r\n<td>Abertura<\/td>\r\n<\/tr>\r\n<tr>\r\n<td>Esp\u00edrito<\/td>\r\n<td>Rejei\u00e7\u00e3o<\/td>\r\n<td>Princ\u00edpios<\/td>\r\n<\/tr>\r\n<tr>\r\n<td>Revolu\u00e7\u00e3o<\/td>\r\n<td>Humores<\/td>\r\n<td>Ac\u00fastica<\/td>\r\n<\/tr>\r\n<tr>\r\n<td>Amor<\/td>\r\n<td>Comer (ou n\u00e3o)<\/td>\r\n<td>Desejo<\/td>\r\n<\/tr>\r\n<tr>\r\n<td>Sentimentos<\/td>\r\n<td>Crise<\/td>\r\n<td>Social (ou n\u00e3o)<\/td>\r\n<\/tr>\r\n<\/tbody>\r\n<\/table>\r\n<\/div>\r\n<\/div>\r\n<\/div>\r\n<div class=\"r_content right mar_top\"><\/div>\r\n<div class=\"clear\"><\/div>\r\n<\/div>","protected":false},"excerpt":{"rendered":"<p>Casae \u00bb Centro De Informacoes \u00bb9 centros \u00bb Design Humano \u2013 Centro do Plexo Solar Design Humano \u2013 Centro do Plexo Solar O Centro do Plexo Solar \u00e9 tanto um Centro de Consciencializa\u00e7\u00e3o quanto um Centro Motor (Energia das Ondas) A Biologia Tr\u00eas dos sete port\u00f5es do Centro do Plexo Solar fazem parte do Circuito&hellip; <a class=\"more-link\" href=\"https:\/\/www.staginggm.com\/pt-pt\/design-humano-centro-do-plexo-solar\/\">Continue a ler <span class=\"screen-reader-text\">Design Humano \u2013 Centro do Plexo Solar<\/span><\/a><\/p>\n","protected":false},"author":1,"featured_media":0,"parent":0,"menu_order":0,"comment_status":"closed","ping_status":"closed","template":"","meta":{"footnotes":""},"class_list":["post-13311","page","type-page","status-publish","hentry","entry"],"_links":{"self":[{"href":"https:\/\/www.staginggm.com\/pt-pt\/wp-json\/wp\/v2\/pages\/13311","targetHints":{"allow":["GET"]}}],"collection":[{"href":"https:\/\/www.staginggm.com\/pt-pt\/wp-json\/wp\/v2\/pages"}],"about":[{"href":"https:\/\/www.staginggm.com\/pt-pt\/wp-json\/wp\/v2\/types\/page"}],"author":[{"embeddable":true,"href":"https:\/\/www.staginggm.com\/pt-pt\/wp-json\/wp\/v2\/users\/1"}],"replies":[{"embeddable":true,"href":"https:\/\/www.staginggm.com\/pt-pt\/wp-json\/wp\/v2\/comments?post=13311"}],"version-history":[{"count":0,"href":"https:\/\/www.staginggm.com\/pt-pt\/wp-json\/wp\/v2\/pages\/13311\/revisions"}],"wp:attachment":[{"href":"https:\/\/www.staginggm.com\/pt-pt\/wp-json\/wp\/v2\/media?parent=13311"}],"curies":[{"name":"wp","href":"https:\/\/api.w.org\/{rel}","templated":true}]}}