   
{"id":12411,"date":"2020-10-07T06:56:02","date_gmt":"2020-10-07T06:56:02","guid":{"rendered":"https:\/\/www.geneticmatrixtest.com\/?page_id=12411"},"modified":"2020-10-28T14:15:36","modified_gmt":"2020-10-28T14:15:36","slug":"os-9-centros","status":"publish","type":"page","link":"https:\/\/www.staginggm.com\/pt-pt\/os-9-centros\/","title":{"rendered":"Os 9 Centros"},"content":{"rendered":"<div id=\"content\">\r\n<div class=\"test_page\">\r\n<div class=\"breadcam\"><a href=\"\/\">home<\/a> \u00bb <a href=\"\/pt-pt\/centro-de-informacoes\/\">Centro De Informacoes<\/a> \u00bbOs 9 Centros<\/div>\r\n<\/div>\r\n<div class=\"l_content left mar_top\">\r\n<div class=\"services\">\r\n<h2>Los 9 Centros<\/h2>\r\n<h3>Centros de Energia<\/h3>\r\n<ul>\r\n \t<li><a href=\"\/pt-pt\/design-humano-centro-coracao\/\">Centro Do Cora\u00e7\u00e3o<\/a><\/li>\r\n \t<li><a href=\"\/pt-pt\/human-design-root-center\/\">Centro Raiz<\/a> (2 Fun\u00e7\u00f5es \u2013 Motora e Press\u00e3o)<\/li>\r\n \t<li><a href=\"\/pt-pt\/design-humano-centro-sacral\/\">Centro Sacral<\/a><\/li>\r\n \t<li><a href=\"\/pt-pt\/design-humano-centro-do-plexo-solar\/\">Centro de Plexo Solar (2 Fun\u00e7\u00f5es \u2013 Conscientiza\u00e7\u00e3o (latente) e Motora)<\/a><\/li>\r\n<\/ul>\r\n<h3>Centros de Sensibiliza\u00e7\u00e3o<\/h3>\r\n<ul>\r\n \t<li><a href=\"\/pt-pt\/design-humano-centro-ajna\/\">Centro Ajna<\/a><\/li>\r\n \t<li><a href=\"\/Centro de Plexo Solar\/\">Centro de Plexo Solar (2 Fun\u00e7\u00f5es \u2013 Conscientiza\u00e7\u00e3o (Latente) e Motora)<\/a><\/li>\r\n \t<li><a href=\"\/pt-pt\/human-design-centro-baco\/\">Centro do Ba\u00e7o<\/a><\/li>\r\n<\/ul>\r\n<h3>Centros de Press\u00e3o<\/h3>\r\n<ul>\r\n \t<li><a href=\"\/pt-pt\/design-humano-centro-cabeca\/\">Centro da Cabe\u00e7a<\/a><\/li>\r\n \t<li><a href=\"\/pt-pt\/design-humano-centro-do-plexo-solar\/\">Centro Raiz (2 Fun\u00e7\u00f5es \u2013 Motora e Press\u00e3o)<\/a><\/li>\r\n<\/ul>\r\n<h3>Centro de Manifesta\u00e7\u00e3o<\/h3>\r\n<ul>\r\n \t<li><a href=\"\/pt-pt\/design-humano-centro-garganta\/\">Centro de Garganta<\/a><\/li>\r\n<\/ul>\r\n<h3>Outro Centro<\/h3>\r\n<ul>\r\n \t<li><a href=\"\/pt-pt\/design-humano-centro-g-do-ser\/\">Centro G<\/a><\/li>\r\n<\/ul>\r\n<\/div>\r\n<\/div>\r\n<div class=\"r_content right mar_top\"><\/div>\r\n<div class=\"clear\"><\/div>\r\n<\/div>","protected":false},"excerpt":{"rendered":"<p>home \u00bb Centro De Informacoes \u00bbOs 9 Centros Los 9 Centros Centros de Energia Centro Do Cora\u00e7\u00e3o Centro Raiz (2 Fun\u00e7\u00f5es \u2013 Motora e Press\u00e3o) Centro Sacral Centro de Plexo Solar (2 Fun\u00e7\u00f5es \u2013 Conscientiza\u00e7\u00e3o (latente) e Motora) Centros de Sensibiliza\u00e7\u00e3o Centro Ajna Centro de Plexo Solar (2 Fun\u00e7\u00f5es \u2013 Conscientiza\u00e7\u00e3o (Latente) e Motora) Centro&hellip; <a class=\"more-link\" href=\"https:\/\/www.staginggm.com\/pt-pt\/os-9-centros\/\">Continue a ler <span class=\"screen-reader-text\">Os 9 Centros<\/span><\/a><\/p>\n","protected":false},"author":1,"featured_media":0,"parent":0,"menu_order":0,"comment_status":"closed","ping_status":"closed","template":"","meta":{"footnotes":""},"class_list":["post-12411","page","type-page","status-publish","hentry","entry"],"_links":{"self":[{"href":"https:\/\/www.staginggm.com\/pt-pt\/wp-json\/wp\/v2\/pages\/12411","targetHints":{"allow":["GET"]}}],"collection":[{"href":"https:\/\/www.staginggm.com\/pt-pt\/wp-json\/wp\/v2\/pages"}],"about":[{"href":"https:\/\/www.staginggm.com\/pt-pt\/wp-json\/wp\/v2\/types\/page"}],"author":[{"embeddable":true,"href":"https:\/\/www.staginggm.com\/pt-pt\/wp-json\/wp\/v2\/users\/1"}],"replies":[{"embeddable":true,"href":"https:\/\/www.staginggm.com\/pt-pt\/wp-json\/wp\/v2\/comments?post=12411"}],"version-history":[{"count":0,"href":"https:\/\/www.staginggm.com\/pt-pt\/wp-json\/wp\/v2\/pages\/12411\/revisions"}],"wp:attachment":[{"href":"https:\/\/www.staginggm.com\/pt-pt\/wp-json\/wp\/v2\/media?parent=12411"}],"curies":[{"name":"wp","href":"https:\/\/api.w.org\/{rel}","templated":true}]}}