   
{"id":15717,"date":"2021-02-10T11:24:40","date_gmt":"2021-02-10T11:24:40","guid":{"rendered":"https:\/\/www.geneticmatrixtest.com\/?page_id=15717"},"modified":"2021-03-24T12:41:43","modified_gmt":"2021-03-24T12:41:43","slug":"design-umano-riflettori","status":"publish","type":"page","link":"https:\/\/www.staginggm.com\/it\/design-umano-riflettori\/","title":{"rendered":"Design umano - Riflettori"},"content":{"rendered":"<div id=\"content\">\r\n<div class=\"test_page\">\r\n<div class=\"breadcam\"><a href=\"\/it\">Casa<\/a> \u00bb <a href=\"\/it\/centro-informazioni\/\">centro-informazioni<\/a> \u00bb<a href=\"\/it\/tipi-di-progettazione-umana\/\">Tipi<\/a> \u00bb Design umano - Riflettori<\/div>\r\n<\/div>\r\n<div class=\"l_content left mar_top\">\r\n<div class=\"services\">\r\n<h3><strong>Design umano - Riflettori<\/strong><\/h3>\r\n<ul>\r\n \t<li style=\"list-style-type: none;\">\r\n<ul>\r\n \t<li>I Riflettori sono l'1% della popolazione mondiale.<\/li>\r\n \t<li>Il Riflettore prende il nome dalla natura della sua aura riflettente.<\/li>\r\n<\/ul>\r\n<\/li>\r\n<\/ul>\r\n<a href=\"https:\/\/www.geneticmatrix.com\/wp-content\/uploads\/2012\/09\/Site-Reflector.png\"><img class=\"alignnone size-full wp-image-15749\" title=\"Human Design Reflector\" src=\"https:\/\/www.geneticmatrix.com\/wp-content\/uploads\/2012\/09\/Site-Reflector.png\" alt=\"\" width=\"557\" height=\"465\" \/><\/a>\r\n<ul>\r\n \t<li>L'aura del Riflettore resiste, campiona e riflette altre aure<\/li>\r\n \t<li>Il Riflettore \u00e8 un saggio osservatore della vita con il grande dono di leggere altre persone.<\/li>\r\n \t<li>I Riflettori devono aspettare un ciclo lunare completo prima di prendere decisioni importanti per la loro vita.<\/li>\r\n \t<li>I Riflettori hanno l'opportunit\u00e0 di una vita mistica a causa della loro apertura.<\/li>\r\n \t<li>Di grande importanza per i Riflettori \u00e8 trovare l'ambiente perfetto in cui vivere (rifugio, comunit\u00e0) e persone di supporto con cui vivere.<\/li>\r\n \t<li>I Riflettori dovrebbero conoscere i transiti quotidiani dei pianeti per vedere l'effetto che ha su di loro in quel giorno.<\/li>\r\n \t<li>L'aspetto pi\u00f9 affidabile del design del Riflettore \u00e8 il loro Profilo e il Colore Motivazionale<\/li>\r\n \t<li>Altre persone vedranno sempre aspetti di se stessi quando incontrano un Riflettore.<\/li>\r\n \t<li>I Riflettori non hanno centri attivi nel loro corpo<\/li>\r\n \t<li>I Riflettori riflettono l'energia e le emozioni provenienti dai pianeti in transito e dal loro ambiente circostante.<\/li>\r\n \t<li>I Riflettori sono destinati ad essere al centro della loro comunit\u00e0. Sanno esattamente quando una comunit\u00e0 funziona correttamente e quando non.<\/li>\r\n<\/ul>\r\n<\/div>\r\n\r\n<hr \/>\r\n\r\n<div class=\"pure_gen_outer\">\r\n<div class=\"pure_generators left\">\r\n<h3>Il Riflettore nel dettaglio<\/h3>\r\nIl Riflettore ha uno straordinario Design Umano. Costituiscono solo l'1% della popolazione mondiale e sono completamente diversi dal modo in cui opera l'altro 99% degli esseri umani.\r\n\r\n&nbsp;\r\n\r\nI Riflettori non hanno energia o centri di sensibilizzazione accesi o attivati alla nascita. Ogni centro del loro design \u00e8 completamente bianco. Di conseguenza, proiettano un'illusione di se stessi che non ha nulla a che fare con chi sono veramente.\r\n\r\n&nbsp;\r\n\r\nA prima vista, con tutti quei centri inattivi, sembrerebbe che un Riflettore si avvalga costantemente delle energie e delle emozioni degli altri. Senza schemi precisi.\r\n\r\n&nbsp;\r\n\r\nSe parliamo di qualsiasi altro tipo di essere umano, questo sarebbe davvero il caso. Un centro aperto inattivo \u00e8 sempre vulnerabile agli effetti di altre persone.\r\n\r\n&nbsp;\r\n\r\nMa la differenza fondamentale con un Riflettore \u00e8 la natura della loro aura elettromagnetica. La nostra aura umana rappresenta il campo energetico olistico che circonda in modo unico ognuno di noi. Questa aura \u00e8 la nostra firma elettromagnetica personale e dice a ogni essere vivente intorno a noi ci\u00f2 che siamo. Questa aura si estende fino a 3 metri intorno all'intera circonferenza del nostro corpo. Avere un'aura ci d\u00e0 anche la capacit\u00e0 di leggere e interpretare le aure degli altri.\r\n\r\n&nbsp;\r\n\r\nL'aura del Riflettore \u00e8 un'aura \"resistente\" che fa due cose in modo univoco. In primo luogo campiona o \"testa\" le aure delle persone intorno a lui prendendo solo un piccolo pezzo di ci\u00f2 che riceve. In secondo luogo riflette tutto ci\u00f2 che riceve dall'altra persona.\r\n\r\n&nbsp;\r\n\r\nQuesta aura resistente funziona come meccanismo di protezione per il Riflettore. Protezione dall'essere sopraffatti dalle emozioni e dalle energie delle persone che lo circondano.\r\n\r\n&nbsp;\r\n\r\n\u00c8 anche ci\u00f2 che fa sembrare il Riflettore un camaleonte per il resto di noi. Un camaleonte che si fonde con tutto ci\u00f2 che c'\u00e8 intorno. I Riflettori diventano il loro ambiente. Lo fanno in modo del tutto naturale, ma spesso si sentono invisibili agli altri a causa di esso.\r\n\r\n&nbsp;\r\n\r\nAltre persone vedranno sempre aspetti di se stessi quando incontrano un Riflettore; quindi i Riflettori devono essere consapevoli della persona con cui hanno una relazione.\r\n\r\n&nbsp;\r\n\r\nUn Riflettore dovrebbe guardare se stesso interagire con altre persone per vedere quali aspetti negativi e positivi queste persone porteranno in una relazione.\r\n\r\n&nbsp;\r\n\r\nSe la persona \u00e8 positiva e felice con il Riflettore, egli rifletter\u00e0 questo. Ma se sono corrotti o manipolatori, rifletteranno anche quel comportamento!\r\n\r\n&nbsp;\r\n\r\nQuindi i Riflettori dovrebbero dedicare un po' di tempo a rendersi consapevoli di ci\u00f2 che \u00e8 in realt\u00e0 sono e ci\u00f2 che stanno riflettendo. Ci vorr\u00e0 un po\u2019 di pratica ed \u00e8 solo nel tempo che conosceranno il loro vero s\u00e9.\r\n\r\n&nbsp;\r\n\r\nI Riflettori stanno camminando in una 'bolla' d\u2019aura protettiva che non si collega affatto ad altre persone. E questo rende le relazioni personali pi\u00f9 difficili per i riflettori rispetto al resto di noi. L\u2019aura che si avvicina pi\u00f9 di tutte a quella del Riflettore \u00e8 l\u2019aura del Manifestatore.\r\n\r\n&nbsp;\r\n\r\nIl Manifestatore non \"campiona\" e \"riflette\" le aure di altre persone che \"respinge\" quelle aure. Tuttavia, proprio come il Riflettore, l'aura del Manifestatore \u00e8 progettata come uno scudo protettivo resistente dalle aure di altre persone.\r\n\r\n&nbsp;\r\n<h3>I Pianeti<\/h3>\r\nUn fattore importante che rende davvero i riflettori diversi \u00e8 l'effetto profondo che il movimento dei pianeti ha sulla loro vita quotidiana. Questo \u00e8 quello da cui la loro aura resistente non pu\u00f2 proteggerli.\r\n\r\n&nbsp;\r\n\r\nI pianeti che transitano attraverso le loro orbite regolari attivano e disattivano continuamente le nostre \u201cporte\u201d in tutti i nostri progetti. Ma solo i Riflettori ne risentono profondamente di questi effetti.\r\n\r\n&nbsp;\r\n\r\nI non-Riflettori ricevono solo una piccola parte degli effetti di questi pianeti in transito. Si arriva a sperimentare un po' delle energie e delle emozioni rese possibili dal transito dei pianeti.\r\n\r\n&nbsp;\r\n\r\nMa i Riflettori ottengono di tutto e di pi\u00f9! Risentono profondamente di tutti gli effetti energetici dei pianeti.\r\n\r\n&nbsp;\r\n\r\nAlcuni dicono che questa \u00e8 la cosa pi\u00f9 importante per cui i Riflettori sono davvero qui. Sono qui per mostrare a tutti noi gli effetti completi del continuo movimento dei pianeti sugli umani.\r\n\r\n&nbsp;\r\n\r\nLe attivazioni delle porte che arrivano tramite altre persone all'interno dell'aura del Riflettore hanno un impatto minimo sui riflettori. Ma le attivazioni di porte provenienti da altre persone all'interno del resto dei tipi hanno un impatto importante su di loro. Allo stesso modo, i movimenti del pianeta hanno un effetto limitato e poco profondo sui non-Riflettori, ma un effetto importante sui Riflettori.\r\n\r\n&nbsp;\r\n\r\nI Riflettori operano in modo totalmente opposto all'altro 99% del mondo.\r\n\r\n&nbsp;\r\n<h3>Decisioni<\/h3>\r\nI Riflettori non hanno un'area decisionale all'interno di s\u00e9 su cui poter contare.\r\n\r\n&nbsp;\r\n\r\nI Generatori possono contare sul loro Centro Sacrale per il processo decisionale. Le persone con autorit\u00e0 decisionale del Centro Splenico possono contare sulla spontaneit\u00e0 delle loro decisioni.\r\nColoro che hanno il Centro del Plesso Solare attivo devono aspettare la chiarezza assoluta attraverso la loro onda emotiva prima di prendere qualsiasi decisione, ma possono ancora contare su di esso poich\u00e8 sar\u00e0 l\u00ec per loro. Anche le persone con cuore o centri di s\u00e9 che dominano le loro decisioni hanno un meccanismo affidabile, anche se pi\u00f9 delicato. Ma i riflettori? Non hanno attivazioni del centro. In che modo i Riflettori dovrebbero prendere decisioni affidabili per la loro vita?\r\n\r\n&nbsp;\r\n\r\nI Riflettori, in modo unico, hanno un rapporto molto stretto con la luna. Vivono in un fuso orario tutto loro. \u00c8 il fuso orario del ciclo lunare. \u00c8 questa vicinanza alla luna che offre al Riflettore la capacit\u00e0 di prendere decisioni in modo affidabile. Ma per prendere la giusta decisione il Riflettore ha bisogno di aspettare l'intero ciclo lunare di 28 giorni prima di prenderla. E naturalmente questa \u00e8 una cosa molto difficile da fare!\r\n\r\n&nbsp;\r\n\r\nMa \u00e8 importante che i Riflettori non si affrettino a prendere decisioni. Quando qualcuno scopre che sono dei Riflettori per la prima volta essi dovrebbero iniziare a spiegare alle altre persone che \u00e8 malsano per loro affrettarsi nel loro processo decisionale.\r\n\r\n&nbsp;\r\n\r\n\u00c8 anche utile per i riflettori monitorare il transito quotidiano dei pianeti e l'impatto che questo avr\u00e0 su di loro per quel giorno. Il grafico di transito giornaliero mostra le attivazioni delle porte in tutti gli esseri umani per quel giorno come risultato della posizione attuale dei pianeti. Queste attivazioni (a seconda delle porte coinvolte) possono attivare centri, formare canali o aggiungere ulteriori porte attive ad un centro esistente.\r\n\r\n&nbsp;\r\n\r\nCos\u00ec, quando il grafico giornaliero \u00e8 quello di un Manifestatore, che \u00e8 ci\u00f2 che sar\u00e0 il Riflettore, o un Generatore o un Proiettore.\r\n\r\n&nbsp;\r\n\r\nI riflettori possono davvero utilizzare questo a loro vantaggio. Guardando avanti nel tempo ai grafici di transito per i giorni futuri i Riflettori sapranno esattamente quanto energici si sentiranno. Cos\u00ec possono selezionare i loro giorni Manifestatori, Generatori e Generatori Manifestanti quando hanno bisogno di essere davvero produttivi! E forse non impegnarsi cos\u00ec tanto nei giorni del Proiettore.\r\n\r\n&nbsp;\r\n\r\nLa cosa importante che il Riflettore deve ricordare \u00e8 che questo transito non \u00e8 chi sono realmente, stanno solo riflettendo. L'aspetto pi\u00f9 affidabile per stabilire la personalit\u00e0 dei Riflettori sar\u00e0 il loro profilo e il colore motivazionale. Questi aspetti del Riflettore non sono influenzati dai pianeti in transito o da persone che si spostano all\u2019interno o all\u2019esterno dell'aura del Riflettore.\r\n\r\n&nbsp;\r\n\r\nI Riflettori troveranno anche utile parlare con gli altri e ascoltare obiettivamente il feedback durante il loro processo di 28 giorni per prendere qualsiasi decisione. Dovrebbero anche cercare di avere la stessa conversazione con persone diverse per confrontare le diverse opinioni e le possibilit\u00e0 di qualsiasi situazione.\r\n\r\n&nbsp;\r\n\r\nQuattro delle decisioni pi\u00f9 importanti che un Riflettore dovr\u00e0 prendere correttamente\r\n\r\nnella vita sono:\r\n\r\n- Dove vivono\r\n\r\n- Con chi vivono\r\n\r\n- Dove lavorano\r\n\r\n- Con chi lavorano\r\n\r\n&nbsp;\r\n\r\nEssi riflettono la comunit\u00e0 e le condizioni della comunit\u00e0 e dell'ambiente che li circonda.\r\n\r\n&nbsp;\r\n\r\nSe la comunit\u00e0 in cui vivono \u00e8 solidale e nutriente, fiorir\u00e0 e continuer\u00e0 a fiorire. Se non lo \u00e8, la vita pu\u00f2 diventare molto deludente per il Riflettore.\r\n\r\n&nbsp;\r\n\r\ne i Riflettori padroneggiano davvero i loro disegni umani, hanno la possibilit\u00e0 di diventare le persone pi\u00f9 sagge e pi\u00f9 obiettive tra di noi.\r\n\r\n&nbsp;\r\n\r\n<!--<a href=\"\/human-design-services\/\"><img title=\"Unlock Your Potential - Click Here\" src=\"https:\/\/www.geneticmatrix.com\/wp-content\/uploads\/2012\/09\/gmkey.png\" alt=\"\" width=\"139\" height=\"69\" \/>\r\n<\/a>-->\r\n\r\n<\/div>\r\n<div class=\"right pure_generators_l\">\r\n<ul>\r\n \t<li><a href=\"https:\/\/www.geneticmatrix.com\/bullock-sandra-human-design-chart.html\"><img class=\"alignnone wp-image-15724\" title=\"Sandra Bullock - Reflector\" src=\"https:\/\/www.geneticmatrix.com\/wp-content\/uploads\/nsl_avatars\/4173a70e3d37767d16b5068a6e63d146.png\" alt=\"\" width=\"180\" height=\"119\" \/><\/a><\/li>\r\n \t<li><\/li>\r\n \t<li><a href=\"https:\/\/www.geneticmatrix.com\/burton-richard-human-design-chart.html\"><img title=\"Richard Burton - Reflector\" src=\"https:\/\/www.geneticmatrix.com\/wp-content\/uploads\/2020\/11\/user-123777.jpg\" alt=\"\" width=\"180\" height=\"119\" \/><\/a><\/li>\r\n \t<li><\/li>\r\n \t<li><a href=\"https:\/\/www.geneticmatrix.com\/dostoevsky-fyodor-human-design-chart.html\"><img class=\"alignnone wp-image-15725\" title=\"Fyodor Dostoevsky - Reflector\" src=\"https:\/\/www.geneticmatrix.com\/wp-content\/uploads\/nsl_avatars\/8cadfed02259bfa448c973dc3d45c7bc.jpg\" alt=\"\" width=\"180\" height=\"119\" \/><\/a><\/li>\r\n \t<li><\/li>\r\n \t<li><\/li>\r\n \t<li><a href=\"https:\/\/www.geneticmatrix.com\/klinsmann-jurgen-human-design-chart.html\"><img class=\"alignnone wp-image-15726\" title=\"Jurgen Klinsmann - Reflector\" src=\"https:\/\/www.geneticmatrix.com\/wp-content\/uploads\/2020\/11\/user-27613.jpg\" alt=\"\" width=\"180\" height=\"119\" \/><\/a><\/li>\r\n \t<li><a href=\"https:\/\/www.geneticmatrix.com\/mendelssohn-felix-human-design-chart.html\"><img class=\"alignnone wp-image-15727\" title=\"Felix Mendelssohn - Reflector\" src=\"https:\/\/www.geneticmatrix.com\/wp-content\/uploads\/2020\/11\/user-27613.jpg\" alt=\"\" width=\"180\" height=\"119\" \/><\/a><\/li>\r\n \t<li><a href=\"https:\/\/www.geneticmatrix.com\/boeing-william-human-design-chart.html\"><img class=\"alignnone wp-image-15728\" title=\"William Boeing - Reflector\" src=\"https:\/\/www.geneticmatrix.com\/wp-content\/uploads\/nsl_avatars\/301901050d752a5ae8380c4b318250a1.jpg\" alt=\"\" width=\"180\" height=\"119\" \/><\/a><\/li>\r\n \t<li><a href=\"https:\/\/www.geneticmatrix.com\/henry-lenny-human-design-chart.html\"><img class=\"alignnone wp-image-15729\" title=\"Lenny Henry - Reflector\" src=\"https:\/\/www.geneticmatrix.com\/wp-content\/uploads\/2020\/11\/user-123779.png\" alt=\"\" width=\"180\" height=\"119\" \/><\/a><\/li>\r\n \t<li><a href=\"https:\/\/www.geneticmatrix.com\/springfield-dusty-human-design-chart.html\"><img class=\"alignnone wp-image-15730\" title=\"Dusty Springfield - Reflector\" src=\"https:\/\/www.geneticmatrix.com\/wp-content\/uploads\/nsl_avatars\/301901050d752a5ae8380c4b318250a1.jpg\" alt=\"\" width=\"180\" height=\"119\" \/><\/a><\/li>\r\n \t<li><a href=\"https:\/\/www.geneticmatrix.com\/vidal-gore-human-design-chart.html\"><img class=\"alignnone wp-image-15731\" title=\"Gore Vidal - Reflector\" src=\"https:\/\/www.geneticmatrix.com\/wp-content\/uploads\/nsl_avatars\/301901050d752a5ae8380c4b318250a1.jpg\" alt=\"\" width=\"180\" height=\"119\" \/><\/a><\/li>\r\n \t<li><a href=\"https:\/\/www.geneticmatrix.com\/solzhenitsyn-aleksandr-human-design-chart.html\"><img class=\"alignnone wp-image-15732\" title=\"Aleksandr Solzhenitsyn - Reflector\" src=\"https:\/\/www.geneticmatrix.com\/wp-content\/uploads\/nsl_avatars\/b2f64d9217bc0d868fc4600cb6463434.jpg\" alt=\"\" width=\"180\" height=\"119\" \/><\/a><\/li>\r\n \t<li><a href=\"https:\/\/www.geneticmatrix.com\/greene-graham-human-design-chart.html\"><img class=\"alignnone wp-image-15733\" title=\"Graham Greene - Reflector\" src=\"https:\/\/www.geneticmatrix.com\/wp-content\/uploads\/2020\/12\/user-125939.png\" alt=\"\" width=\"180\" height=\"119\" \/><\/a><\/li>\r\n \t<li><a href=\"https:\/\/www.geneticmatrix.com\/dee-sandra-human-design-chart.html\"><img class=\"alignnone wp-image-15734\" title=\"Sandra Dee - Reflector\" src=\"https:\/\/www.geneticmatrix.com\/wp-content\/uploads\/nsl_avatars\/103259f9eba2177106aec498b977a157.png\" alt=\"\" width=\"180\" height=\"119\" \/><\/a><\/li>\r\n \t<li><a href=\"https:\/\/www.geneticmatrix.com\/wells-h_g-human-design-chart.html\"><img class=\"alignnone wp-image-15735\" title=\"H G Wells - Reflector\" src=\"https:\/\/www.geneticmatrix.com\/wp-content\/uploads\/2020\/11\/user-123789.jpg\" alt=\"\" width=\"180\" height=\"119\" \/><\/a><\/li>\r\n \t<li><a href=\"https:\/\/www.geneticmatrix.com\/galway-james-human-design-chart.html\"><img class=\"alignnone wp-image-15736\" title=\"James Galway - Reflector\" src=\"https:\/\/www.geneticmatrix.com\/wp-content\/uploads\/2020\/11\/user-123789.jpg\" alt=\"\" width=\"180\" height=\"119\" \/><\/a><\/li>\r\n \t<li><a href=\"https:\/\/www.geneticmatrix.com\/fields-w_c-human-design-chart.html\"><img class=\"alignnone wp-image-15737\" title=\"W C Fields - Reflector\" src=\"https:\/\/www.geneticmatrix.com\/wp-content\/uploads\/nsl_avatars\/103259f9eba2177106aec498b977a157.png\" alt=\"\" width=\"180\" height=\"119\" \/><\/a><\/li>\r\n \t<li><a href=\"https:\/\/www.geneticmatrix.com\/geller-uri-human-design-chart.html\"><img class=\"alignnone wp-image-15738\" title=\"Uri Geller - Reflector\" src=\"https:\/\/www.geneticmatrix.com\/wp-content\/uploads\/nsl_avatars\/bece7bd2c72f61ac187e5b4d1ed47564.jpg\" alt=\"\" width=\"180\" height=\"119\" \/><\/a><\/li>\r\n \t<li><a href=\"https:\/\/www.geneticmatrix.com\/aantjes-willem-human-design-chart.html\"><img class=\"alignnone wp-image-15739\" title=\"Willem Aantjes - Reflector\" src=\"https:\/\/www.geneticmatrix.com\/wp-content\/uploads\/2020\/12\/user-125949.png\" alt=\"\" width=\"180\" height=\"119\" \/><\/a><\/li>\r\n \t<li><a href=\"https:\/\/www.geneticmatrix.com\/bernard-alain-human-design-chart.html\"><img class=\"alignnone wp-image-15740\" title=\"Alain Bernard - Reflector\" src=\"https:\/\/www.geneticmatrix.com\/wp-content\/uploads\/nsl_avatars\/d1f445a3155e6b3ae2ef7d437e149035.png\" alt=\"\" width=\"180\" height=\"119\" \/><\/a><\/li>\r\n \t<li><a href=\"https:\/\/www.geneticmatrix.com\/udet-ernst-human-design-chart.html\"><img class=\"alignnone wp-image-15741\" title=\"Ernst Udet - Reflector\" src=\"https:\/\/www.geneticmatrix.com\/wp-content\/uploads\/2020\/12\/user-125949.png\" alt=\"\" width=\"180\" height=\"119\" \/><\/a><\/li>\r\n \t<li><a href=\"https:\/\/www.geneticmatrix.com\/urich-robert-human-design-chart.html\"><img class=\"alignnone wp-image-15743\" title=\"Robert Urich - Reflector\" src=\"https:\/\/www.geneticmatrix.com\/wp-content\/uploads\/nsl_avatars\/d1f445a3155e6b3ae2ef7d437e149035.png\" alt=\"\" width=\"180\" height=\"119\" \/><\/a><\/li>\r\n \t<li><a href=\"https:\/\/www.geneticmatrix.com\/vives_i_sicilia-joan_enric-human-design-chart.html\"><img class=\"alignnone wp-image-15744\" title=\"Joan Enric Vives i Sicilia - Reflector\" src=\"https:\/\/www.geneticmatrix.com\/wp-content\/uploads\/nsl_avatars\/d1f445a3155e6b3ae2ef7d437e149035.png\" alt=\"\" width=\"180\" height=\"119\" \/><\/a><\/li>\r\n \t<li><a href=\"https:\/\/www.geneticmatrix.com\/aerts-jean-human-design-chart.html\"><img class=\"alignnone wp-image-15745\" title=\"Jean Aerts - Reflector\" src=\"https:\/\/www.geneticmatrix.com\/wp-content\/uploads\/nsl_avatars\/2895aa182d0f808ed48f30d2de0bbb0a.jpg\" alt=\"\" width=\"180\" height=\"119\" \/><\/a><\/li>\r\n \t<li><a href=\"https:\/\/www.geneticmatrix.com\/marclay-christian-human-design-chart.html\"><img class=\"alignnone wp-image-15746\" title=\"Christian Marclay - Reflector\" src=\"https:\/\/www.geneticmatrix.com\/wp-content\/uploads\/nsl_avatars\/9a0d8b5c419fd0fa4b7078b16387d671.jpg\" alt=\"\" width=\"180\" height=\"119\" \/><\/a><\/li>\r\n \t<li><a href=\"https:\/\/www.geneticmatrix.com\/gauss-carl_friedrich-human-design-chart.html\"><img class=\"alignnone wp-image-15747\" title=\"Carl Friedrich Gauss - Reflector\" src=\"https:\/\/www.geneticmatrix.com\/wp-content\/uploads\/2020\/12\/user-125951.png\" alt=\"\" width=\"180\" height=\"119\" \/><\/a><\/li>\r\n \t<li><a href=\"https:\/\/www.geneticmatrix.com\/leoncavallo-ruggero-human-design-chart.html\"><img class=\"alignnone wp-image-15748\" title=\"Ruggero Leoncavallo\" src=\"https:\/\/www.geneticmatrix.com\/wp-content\/uploads\/2020\/12\/user-125951.png\" alt=\"\" width=\"180\" height=\"119\" \/><\/a><\/li>\r\n \t<li><\/li>\r\n<\/ul>\r\n<div><span style=\"font-size: medium;\"><span style=\"line-height: 24px;\">\u00a0<\/span><\/span><\/div>\r\n<\/div>\r\n<\/div>\r\n<div class=\"right pure_generators_l\"><\/div>\r\n<\/div>\r\n<div class=\"right pure_generators_l\"><\/div>\r\n<div class=\"right pure_generators_l\"><\/div>\r\n<div class=\"right pure_generators_l\"><\/div>\r\n<div class=\"right pure_generators_l\"><\/div>\r\n<div class=\"right pure_generators_l\"><\/div>\r\n<div class=\"right pure_generators_l\"><\/div>\r\n<h4 class=\"right pure_generators_l\"><\/h4>\r\n<div class=\"clear\"><\/div>\r\n<\/div>\r\n<div><\/div>","protected":false},"excerpt":{"rendered":"<p>Casa \u00bb centro-informazioni \u00bbTipi \u00bb Design umano &#8211; Riflettori Design umano &#8211; Riflettori I Riflettori sono l&#8217;1% della popolazione mondiale. Il Riflettore prende il nome dalla natura della sua aura riflettente. L&#8217;aura del Riflettore resiste, campiona e riflette altre aure Il Riflettore \u00e8 un saggio osservatore della vita con il grande dono di leggere altre&hellip; <a class=\"more-link\" href=\"https:\/\/www.staginggm.com\/it\/design-umano-riflettori\/\">Continua a leggere <span class=\"screen-reader-text\">Design umano &#8211; Riflettori<\/span><\/a><\/p>\n","protected":false},"author":1,"featured_media":0,"parent":0,"menu_order":0,"comment_status":"closed","ping_status":"closed","template":"","meta":{"footnotes":""},"class_list":["post-15717","page","type-page","status-publish","hentry","entry"],"_links":{"self":[{"href":"https:\/\/www.staginggm.com\/it\/wp-json\/wp\/v2\/pages\/15717","targetHints":{"allow":["GET"]}}],"collection":[{"href":"https:\/\/www.staginggm.com\/it\/wp-json\/wp\/v2\/pages"}],"about":[{"href":"https:\/\/www.staginggm.com\/it\/wp-json\/wp\/v2\/types\/page"}],"author":[{"embeddable":true,"href":"https:\/\/www.staginggm.com\/it\/wp-json\/wp\/v2\/users\/1"}],"replies":[{"embeddable":true,"href":"https:\/\/www.staginggm.com\/it\/wp-json\/wp\/v2\/comments?post=15717"}],"version-history":[{"count":0,"href":"https:\/\/www.staginggm.com\/it\/wp-json\/wp\/v2\/pages\/15717\/revisions"}],"wp:attachment":[{"href":"https:\/\/www.staginggm.com\/it\/wp-json\/wp\/v2\/media?parent=15717"}],"curies":[{"name":"wp","href":"https:\/\/api.w.org\/{rel}","templated":true}]}}