   
{"id":15613,"date":"2021-02-10T07:17:24","date_gmt":"2021-02-10T07:17:24","guid":{"rendered":"https:\/\/www.geneticmatrixtest.com\/?page_id=15613"},"modified":"2021-03-24T10:00:01","modified_gmt":"2021-03-24T10:00:01","slug":"design-umano-generatore","status":"publish","type":"page","link":"https:\/\/www.staginggm.com\/it\/design-umano-generatore\/","title":{"rendered":"Design umano - Generatore"},"content":{"rendered":"<div id=\"content\">\r\n<div class=\"test_page\">\r\n<div class=\"breadcam\"><a href=\"\/it\">Casa<\/a> \u00bb <a href=\"\/it\/centro-informazioni\/\">tipi-di-progettazione-umana<\/a> \u00bb<a href=\"\/it\/tipi-di-progettazione-umana\/\">Tipi<\/a> \u00bb Design umano - Generatore<\/div>\r\n<\/div>\r\n<div class=\"l_content left mar_top\">\r\n<div class=\"services\">\r\n<h3><strong>Design umano - Generatore<\/strong><\/h3>\r\n<ul>\r\n \t<li>I Generatori Puri sono il 36% della popolazione mondiale.<\/li>\r\n \t<li>L'aura del Generatore \u00e8 aperta ed inclusiva. L\u2019unica difesa dei Generatori dagli altri, considerata l\u2019inclusivit\u00e0 e l\u2019apertura della loro aura \u00e8 utilizzare le loro Strategie e la loro Autorit\u00e0 Interiore<\/li>\r\n<\/ul>\r\n\r\n<hr \/>\r\n\r\n<img class=\"alignnone size-full wp-image-2601\" title=\"The Generator\" src=\"\/wp-content\/uploads\/2012\/09\/Generator-Site.png\" alt=\"\" width=\"664\" height=\"487\" \/>\r\n\r\n<hr \/>\r\n\r\n<ul>\r\n \t<li>Se il Generatore attende di rispondere alla natura della sua potente aura inclusiva e magnetica far\u00e0 il suo lavoro e attirer\u00e0 persone e opportunit\u00e0 al Generatore<\/li>\r\n \t<li>L'aura del Generatore costringe letteralmente gli altri a chiedere ai Generatori l'uso della loro potente fonte di energia Sacrale.<\/li>\r\n \t<li>Il Generatore prende il nome dalla natura della sua fonte di energia primaria - il Centro Sacrale (Centro Generatore).<\/li>\r\n \t<li>Il vero potere del generatore risiede nella sua capacit\u00e0 di rispondere all'ambiente circostante e dall'interno di esso. Quando rispondono correttamente i Generatori sono i tipi di esseri umani energeticamente pi\u00f9 potenti.<\/li>\r\n \t<li>Ci sono due diverse varianti di Autorit\u00e0 Interna del Generatore, Sacrale ed Emotiva.<\/li>\r\n \t<li>I generatori che seguono la loro Strategia e Autorit\u00e0 Interna sentono profondi livelli di soddisfazione quando distribuiscono correttamente la loro energia Sacrale. Quando\r\nl,km 1nbrispondono correttamente hanno la sensazione di avere una risorsa energetica quasi infinitamente soddisfacente al loro comando.<\/li>\r\n \t<li>I generatori sono i veri lavoratori del mondo perch\u00e9 hanno la capacit\u00e0 di continuare ad andare avanti e avanti. La Forza Vitale creata dal loro Centro Sacrale \u00e8 la pi\u00f9 potente fonte di energia costante a disposizione dell'umanit\u00e0.<\/li>\r\n \t<li>I generatori dovrebbero esaurire completamente la loro energia prima del sonno per garantire la piena rigenerazione durante la notte.<\/li>\r\n \t<li>Il Centro dei Generatori Sacrali \u00e8 progettato per \"rigenerarsi\" completamente dopo una sola notte di sonno. Ma questo funziona correttamente solo se esso pu\u00f2 rigenerarsi da un completo esaurimento delle energie.<\/li>\r\n \t<li>I Generatori che non seguono la loro Strategia e Autorit\u00e0 Interna sono inclini a rimanere bloccati in situazioni e possono diventare molto frustrati con la loro vita. Inoltre, non avranno alcuna soddisfazione personale dall'uso della loro potente energia derivata dalla Forza Vitale.<\/li>\r\n \t<li>I Generatori che non seguono la loro Strategia e Autorit\u00e0 Interna sono anche inclini a diventare schiavi degli altri.<\/li>\r\n<\/ul>\r\n<\/div>\r\n\r\n<hr \/>\r\n\r\n<div class=\"pure_gen_outer\">\r\n<div class=\"pure_generators left\">\r\n\r\n<strong>Il 36% della popolazione mondiale \u00e8 un'unit\u00e0 di 2 milioni di abitanti.<\/strong>\r\n\r\nI Generatori sono le persone che forniscono energia continua e vitale al mondo. Queste sono le persone con il potere di \u201crimanere\u201d. Il Centro Sacrale nel loro corpo \u00e8 la chiave del potere puro. Esso crea l'energia vitale della Forza necessaria per l'azione, la vita, il fare e la creare. \u00c8 anche il centro della nostra sessualit\u00e0 e quindi assicura la continuazione della nostra specie.\r\n\r\n&nbsp;\r\n\r\nI Generatori Puri sono persone che hanno il loro Centro Sacrale attivo ed in funzione tutto il tempo, ma non hanno alcun collegamento con la manifestazione umana e il centro di espressione, il Centro della Gola.\r\n\r\n&nbsp;\r\n\r\nAlla maggior parte di noi \u00e8 stato insegnato o siamo stati persuasi o cresciuti sin da bambini a credere che dobbiamo avviare un'azione. C'\u00e8 questa convinzione sbagliata nel mondo che tutti dovremmo semplicemente \u201cfarlo\u201d. Crediamo di essere Manifestatori e quindi di poter fare qualsiasi cosa, ogni volta che vogliamo. Ma questo non \u00e8 affatto vero per il 91% della popolazione mondiale.\r\n\r\n<\/div>\r\n&nbsp;\r\n<div class=\"pure_generators left\">\r\n\r\nLa pi\u00f9 grande lezione per un generatore \u00e8 imparare a rispondere alla vita dal loro \"viscere\". S\u00ec, hanno energia da bruciare; energia per portare a termine tutto; ma possono aspettare che il mondo dia loro un segnale?\r\n\r\n<\/div>\r\n&nbsp;\r\n<div class=\"pure_generators left\">\r\n\r\nSe possono, allora tutte le forme della frustrazione vengono eliminate dalla loro vita e vengono sostituite da un profondo sentimento di soddisfazione. Rispondendo da dentro di se stessi a qualsiasi vita che ci \u00e8 stata mandata, la loro vita diventa un'esperienza gioiosa e soddisfacente per tutti i Generatori.\r\n\r\n&nbsp;\r\n\r\nI Generatori di solito avviano l'azione perch\u00e9 temono che altrimenti non accadr\u00e0 nulla. E questa \u00e8 la trappola che li rende schiavi. Se il Generatore ha il coraggio di aspettare impareranno molto rapidamente che questa paura \u00e8 infondata.\r\n\r\n&nbsp;\r\n\r\nL'infinita energia della forza vitale che il Generatore possiede all'interno del loro centro Sacrale \u00e8 come un magnete super potente che attrae opportunit\u00e0 attraverso la sua aura avvolgente. Altre persone bramano l'accesso a quell'enorme risorsa energetica e il generatore non deve aspettare molto prima che altre persone inizino a chiedere l'accesso a questa risorsa.\r\n\r\n&nbsp;\r\n\r\nQuando il Generatore attende che la vita si presenti, diventa come un buco nero magnetico che attira automaticamente tutti e tutto. Tutte le cose arriveranno al Generatore nei loro tempi - non hanno bisogno di avviare un'azione per cercare di far accadere le cose. Tutto ci\u00f2 che \u00e8 stato progettato, ed \u00e8 giusto per loro sar\u00e0 attratto automaticamente. Lavoro, relazioni, fortuna, tutto.\r\n\r\n&nbsp;\r\n\r\nI generatori sono progettati per fluire nel \"adesso\" con la corrente della vita, prendendo spunto per l'azione come appaiono. I generatori non sono qui per preoccuparsi del futuro. Il loro giusto futuro arriver\u00e0 automaticamente se rispondono nel \"adesso\" a ci\u00f2 che la vita offre loro.\r\n\r\n&nbsp;\r\n\r\nI generatori, con le loro enormi risorse energetiche, sono qui anche per raggiungere la padronanza della vita. Sono qui per padroneggiare qualsiasi cosa in cui si impegnino a fondo.\r\n\r\n&nbsp;\r\n\r\nUn grande segnale a cui i generatori dovrebbero prestare attenzione come indicatore della corretta reazione \u00e8 la \"sincronicit\u00e0\". Le cose iniziano magicamente ad accadere o ad apparire automaticamente nella loro vita. Sembrano essere \"fortunati\".\r\n\r\n&nbsp;\r\n\r\n\u00c8 del tutto possibile che quei Generatori che sono venuti fuori e si sono manifestati senza fare riferimento al loro Centro Sacrale possano effettivamente avere successo, ma raramente sono felici, soddisfatti o si sentono appagati.\r\n\r\n&nbsp;\r\n\r\nSpesso, i Generatori si trovano coinvolti in progetti o sono impegnati con qualcuno o qualcosa che in realt\u00e0 non tiene al loro interesse o non li porta a realizzarsi. Lo stanno facendo solo perch\u00e9 sembra che qualcuno debba farlo ed io sono quello con l'energia! Ovviamente, si sentono intensamente frustrati, essendo gli schiavi di qualcun altro, svendendo il loro potere a chi lo richiede.\r\n\r\n&nbsp;\r\n\r\nLa lezione semplice ma profonda per tutti i generatori \u00e8 sapere \u201cda dentro\u201d con chi e in che cosa si impegneranno. Va sottolineato che, i generatori devono sapere fin dall'inizio il tipo di attivit\u00e0 se hanno intenzione di impegnarsi o meno perch\u00e9 una volta che hanno impegnato la loro notevole energia in qualcosa o in qualcuno, non potranno tornare indietro senza notevoli frustrazioni e disagi.\r\n\r\n&nbsp;\r\n\r\nI Generatori hanno un interruttore \"on\" ma non hanno un interruttore \"off\". Se dopo pochi minuti scoprono che la persona o la cosa nella quale si sono appena impegnati non \u00e8 adatta a loro, \u00e8 troppo tardi per fermarsi. Quel centro Sacrale deve proseguire fino al completamento una volta che ha ricevuto qualsiasi tipo di slancio. Ma se il Generatore \u00e8 disperato, e vuole fermarsi e finalmente smette di solito si ritrova in uno stato di agitazione. L'ultima risorsa per un generatore \u00e8 smettere.\r\n\r\n&nbsp;\r\n\r\nL'importanza del Centro Sacrale per un Generatore non pu\u00f2 essere enfatizzata eccessivamente. La loro strategia per vivere correttamente la vita deriva da come \u00e8 progettato realmente il funzionamento del Centro Sacrale.\r\n\r\n&nbsp;\r\n\r\nIl Centro Sacrale pu\u00f2 rispondere solo al momento, con una risposta \"s\u00ec\" o \"no\". Non usa le parole per trasmettere queste risposte. Esso fornisce suoni dal profondo, dall\u2019interno, nella zona dello stomaco.\r\n\r\nQuesti suoni sono come grugniti o ringhia che, quando si pu\u00f2 interpretare questo suono con un \"s\u00ec\" o con un \"no\", porta il Generatore a prendere le decisioni corrette per la loro vita.\r\n\r\n&nbsp;\r\n\r\nIl compito dei Generatori \u00e8 quello di iniziare a notare questi grugniti sacrali e rendersi conto che sono il loro meccanismo di risposta. La strategia dei Generatori per vivere la loro vita \u00e8 aspettare di rispondere.\r\n\r\n&nbsp;\r\n\r\nAlcuni generatori si confondono sulla parola \"aspetta\", ma quando sei sveglio e noti tutto ci\u00f2 che sta succedendo intorno a te, aspettare significa semplicemente ascoltare la tua risposta sacra prima di agire.\r\n\r\n&nbsp;\r\n\r\nPer tutti i generatori questa \u00e8 la chiave per cambiare tutta la loro vita, in modo da vivere proprio quello che sei, senza sprecare il prezioso potere del Centro Sacrale.\r\n\r\n&nbsp;\r\n\r\nQuando il Generatore trova la sua risposta sacrale, pu\u00f2 ottenere il \"s\u00ec\" o il \"no\" necessario per andare avanti con la loro vita. Questa risposta pu\u00f2 venire sotto forma di un grugnito, \"uhuh\", o \"unhuh\" o pu\u00f2 essere solo un sentimento, un sollevamento o un senso di leggerezza. Il Generatore deve avere molta familiarit\u00e0 con la sua risposta sacrale, e ha bisogno di tempo per confrontarsi con essa. La risposta potrebbe non arrivare immediatamente.\r\n\r\n&nbsp;\r\n\r\nTutti i Generatori raggiungono un livello in cui rimangono bloccati. Sentono come una barriera e a volte tornano indietro. Se hai risposto correttamente, allora \u00e8 importante per te spingere attraverso questa barriera in modo da poter arrivare al livello successivo. \u00c8 quasi come se fosse un test, in modo da avere la possibilit\u00e0 di chiedere al tuo Centro Sacrale, ancora una volta, se questo \u00e8 ci\u00f2 che vuoi veramente. Spingere attraverso la barriera vi confermer\u00e0 che siete sulla strada giusta.\r\n\r\n&nbsp;\r\n\r\nI Generatori sono i lavoratori e possono diventare schiavi se non ascoltano il loro Centro Sacrale. Un Manifestatore sar\u00e0 sempre colui che avvia e si aspetta che il Generatore sia quello che \u201cfaccia\u201d. Un proiettore cercher\u00e0 di agganciarsi alla potenza del Generatore in modo simile.\r\n\r\n&nbsp;\r\n\r\nCos\u00ec, i Generatori devono ricordare di confrontarsi con il loro Centro Sacrale prima di acconsentire semplicemente a fare ci\u00f2 che il Manifestatore, proiettore o qualsiasi altro tipo suggerisce. Devono prendere coscienza e smettere di vivere con il \"pilota automatico\". Ecco perch\u00e9 il Generatore \u00e8 considerato uno schiavo naturale. Essi sono come sonnambuli che danno via la loro energia a tutti gli altri, invece di ascoltare la loro saggezza interiore; il loro Centro Sacrale.\r\n\r\n&nbsp;\r\n\r\nLa maggior parte dei Generatori vivono la faticosa ripetitivit\u00e0 della \"la routine quotidiana\"; arrancano per guadagnarsi da vivere. Ma soffrono sempre un malcontento incessante e la frustrazione di sapere che sono qui per un altro scopo.\r\n\r\n&nbsp;\r\n\r\nTutto ci\u00f2 che un Generatore deve fare \u00e8 rispondere correttamente e sar\u00e0 lo scopo a trovare loro.\r\n\r\n<hr \/>\r\n\r\n&nbsp;\r\n\r\n&nbsp;\r\n\r\n<\/div>\r\n<div class=\"right pure_generators_l\">\r\n<ul>\r\n \t<li>\r\n<div><\/div>\r\n<div><\/div>\r\n<a href=\"https:\/\/www.geneticmatrix.com\/aguilera-christina-human-design-chart.html\"><img title=\"Christina Aguilera - Emotional Generator\" src=\"\/wp-content\/uploads\/2012\/09\/Aguilera-Christina-1.jpg\" alt=\"\" width=\"180\" height=\"120\" \/><\/a><\/li>\r\n \t<li><a href=\"https:\/\/www.geneticmatrix.com\/armstrong-neil-human-design-chart.html\"><img title=\"Neil Armstrong - Pure Generator\" src=\"https:\/\/www.geneticmatrix.com\/wp-content\/uploads\/nsl_avatars\/eb4109c5d7de7d7b52cc9d7ab2946321.jpg\" alt=\"\" width=\"180\" height=\"120\" \/><\/a><a href=\"https:\/\/www.geneticmatrix.com\/winfrey-oprah-human-design-chart.html\"><img title=\"Oprah Winfrey - Emotional Generator\" src=\"https:\/\/www.geneticmatrix.com\/wp-content\/uploads\/nsl_avatars\/b47a11a43fa786f3bb8d6fd1c24da44d.jpg\" alt=\"\" width=\"180\" height=\"119\" \/><\/a><a href=\"https:\/\/www.geneticmatrix.com\/pasteur-louis-human-design-chart.html\"><img title=\"Louis Pasteur - Pure Generator\" src=\"https:\/\/www.geneticmatrix.com\/wp-content\/uploads\/2020\/11\/user-123697.jpg\" alt=\"\" width=\"180\" height=\"119\" \/><\/a><a href=\"https:\/\/www.geneticmatrix.com\/chanel-coco-human-design-chart.html\"><img class=\"alignnone wp-image-15631\" title=\"Chanel Coco - Pure Generator\" src=\"https:\/\/www.geneticmatrix.com\/wp-content\/uploads\/2020\/12\/user-125899.jpg\" alt=\"\" width=\"180\" height=\"119\" \/><\/a><a href=\"https:\/\/www.geneticmatrix.com\/dion-celine-human-design-chart.html\"><img title=\"Celine Dion - Emotional Generator\" src=\"https:\/\/www.geneticmatrix.com\/wp-content\/uploads\/nsl_avatars\/23ad976dc55af5c266c55e6435c342f9.png\" alt=\"\" width=\"180\" height=\"119\" \/><\/a><a href=\"https:\/\/www.geneticmatrix.com\/chaplin-sir_charlie-human-design-chart.html\"><img title=\"Sir Charlie Chaplin - Pure Generator\" src=\"https:\/\/www.geneticmatrix.com\/wp-content\/uploads\/nsl_avatars\/04fdac7ae82013c9ccdbbe64402ea0a6.jpg\" alt=\"\" width=\"180\" height=\"119\" \/><\/a><a href=\"https:\/\/www.geneticmatrix.com\/beethoven-ludwig_van-human-design-chart.html\"><img class=\"alignnone wp-image-15636\" title=\"Ludwig van Beethoven - Pure Gnerator\" src=\"https:\/\/www.geneticmatrix.com\/wp-content\/uploads\/nsl_avatars\/c318beae4cf80d32b46875432032a5cb.jpg\" alt=\"\" width=\"180\" height=\"119\" \/><\/a><a style=\"line-height: 1.6em;\" href=\"https:\/\/www.geneticmatrix.com\/depardieu-gerard-human-design-chart.html\"><img class=\"wp-image-15617 alignnone\" title=\"Gerard Depardieu - Pure Generator\" src=\"https:\/\/www.geneticmatrix.com\/wp-content\/uploads\/nsl_avatars\/2223e2c05d05406f2d1dfa4fb8484cda.jpg\" alt=\"\" width=\"179\" height=\"120\" \/><\/a><a href=\"https:\/\/www.geneticmatrix.com\/nightingale-florence-human-design-chart.html\"><img title=\"Florence Nightingale - Emotional Generator\" src=\"https:\/\/www.geneticmatrix.com\/wp-content\/uploads\/2020\/12\/user-125900.jpg\" alt=\"\" width=\"180\" height=\"119\" \/><\/a>\r\n\r\n<a href=\"https:\/\/www.geneticmatrix.com\/cosby-bill-human-design-chart.html\"><img class=\"alignnone wp-image-15619\" title=\"Bill Cosby - Pure Generator\" src=\"https:\/\/www.geneticmatrix.com\/wp-content\/uploads\/2020\/11\/user-123694.jpg\" alt=\"\" width=\"180\" height=\"119\" \/><\/a>\r\n\r\n<a href=\"https:\/\/www.geneticmatrix.com\/downey_jr-robert-human-design-chart.html\"><img class=\"alignnone wp-image-15620\" title=\"Robert Downey, Jr - Pure Generator\" src=\"https:\/\/www.geneticmatrix.com\/wp-content\/uploads\/2020\/12\/user-125897.jpg\" alt=\"\" width=\"180\" height=\"119\" \/><\/a>\r\n\r\n<a href=\"https:\/\/www.geneticmatrix.com\/ellington-duke-human-design-chart.html\"><img class=\"alignnone wp-image-15621\" title=\"Duke Ellington - Pure Generator\" src=\"https:\/\/www.geneticmatrix.com\/wp-content\/uploads\/2020\/12\/6665.png\" alt=\"\" width=\"180\" height=\"119\" \/><\/a>\r\n\r\n<a href=\"https:\/\/www.geneticmatrix.com\/jarrett-keith-human-design-chart.html\"><img class=\"alignnone wp-image-15623\" title=\"Keith Jarrett - Pure Generator \" src=\"https:\/\/www.geneticmatrix.com\/wp-content\/uploads\/2020\/11\/user-123697.jpg\" alt=\"\" width=\"180\" height=\"119\" \/><\/a>\r\n\r\n<a href=\"https:\/\/www.geneticmatrix.com\/branson-sir_richard-human-design-chart.html\"><img class=\"alignnone wp-image-15625\" title=\"Sir Richard Branson - Pure Generator\" src=\"https:\/\/www.geneticmatrix.com\/wp-content\/uploads\/2020\/11\/user-123700.jpg\" alt=\"\" width=\"180\" height=\"119\" \/><\/a>\r\n\r\n<a href=\"https:\/\/www.geneticmatrix.com\/craig-daniel-human-design-chart.html\"><img class=\"alignnone wp-image-15626\" title=\"Daniel Craig - Emotional Generator\" src=\"https:\/\/www.geneticmatrix.com\/wp-content\/uploads\/nsl_avatars\/eb4109c5d7de7d7b52cc9d7ab2946321.jpg\" alt=\"\" width=\"180\" height=\"119\" \/><\/a>\r\n\r\n<a href=\"https:\/\/www.geneticmatrix.com\/fonteyn-margot-human-design-chart.html\"><img class=\"alignnone wp-image-15629\" title=\"Fonteyn Margot - Emotional Generator\" src=\"https:\/\/www.geneticmatrix.com\/wp-content\/uploads\/nsl_avatars\/23ad976dc55af5c266c55e6435c342f9.png\" alt=\"\" width=\"180\" height=\"119\" \/><\/a>\r\n\r\n<a href=\"https:\/\/www.geneticmatrix.com\/ronaldo-cristiano-human-design-chart.html\"><img class=\"alignnone wp-image-15632\" title=\"Cristiano Ronaldo - Pure Generator\" src=\"https:\/\/www.geneticmatrix.com\/wp-content\/uploads\/2020\/11\/user-123718.jpg\" alt=\"\" width=\"180\" height=\"119\" \/><\/a>\r\n\r\n<a href=\"https:\/\/www.geneticmatrix.com\/mendeleev-dmitri-human-design-chart.html\"><img class=\"alignnone wp-image-15633\" title=\"Dmitri Mendeleev - Emotional Generator\" src=\"https:\/\/www.geneticmatrix.com\/wp-content\/uploads\/nsl_avatars\/b47a11a43fa786f3bb8d6fd1c24da44d.jpg\" alt=\"\" width=\"180\" height=\"119\" \/><\/a>\r\n\r\n<a href=\"https:\/\/www.geneticmatrix.com\/pattinson-robert-human-design-chart.html\"><img title=\"Robert Pattinson - Emotional Generator\" src=\"https:\/\/www.geneticmatrix.com\/wp-content\/uploads\/nsl_avatars\/eb4109c5d7de7d7b52cc9d7ab2946321.jpg\" alt=\"\" width=\"180\" height=\"119\" \/><\/a>\r\n\r\n<a href=\"https:\/\/www.geneticmatrix.com\/montessori-maria-human-design-chart.html\"><img class=\"alignnone wp-image-15634\" title=\"Maria Montessori - Emotional Gnerator\" src=\"https:\/\/www.geneticmatrix.com\/wp-content\/uploads\/nsl_avatars\/b47a11a43fa786f3bb8d6fd1c24da44d.jpg\" alt=\"\" width=\"180\" height=\"119\" \/><\/a>\r\n<p style=\"text-align: center;\"><\/p>\r\n<\/li>\r\n<\/ul>\r\n<\/div>\r\n&nbsp;\r\n\r\n&nbsp;\r\n\r\n<\/div>\r\n&nbsp;\r\n\r\n&nbsp;\r\n\r\n<\/div>\r\n<div class=\"r_content right mar_top\"><\/div>\r\n<div class=\"r_content right mar_top\"><\/div>\r\n<div class=\"clear\"><\/div>\r\n<\/div>","protected":false},"excerpt":{"rendered":"<p>Casa \u00bb tipi-di-progettazione-umana \u00bbTipi \u00bb Design umano &#8211; Generatore Design umano &#8211; Generatore I Generatori Puri sono il 36% della popolazione mondiale. L&#8217;aura del Generatore \u00e8 aperta ed inclusiva. L\u2019unica difesa dei Generatori dagli altri, considerata l\u2019inclusivit\u00e0 e l\u2019apertura della loro aura \u00e8 utilizzare le loro Strategie e la loro Autorit\u00e0 Interiore Se il Generatore&hellip; <a class=\"more-link\" href=\"https:\/\/www.staginggm.com\/it\/design-umano-generatore\/\">Continua a leggere <span class=\"screen-reader-text\">Design umano &#8211; Generatore<\/span><\/a><\/p>\n","protected":false},"author":1,"featured_media":0,"parent":0,"menu_order":0,"comment_status":"closed","ping_status":"closed","template":"","meta":{"footnotes":""},"class_list":["post-15613","page","type-page","status-publish","hentry","entry"],"_links":{"self":[{"href":"https:\/\/www.staginggm.com\/it\/wp-json\/wp\/v2\/pages\/15613","targetHints":{"allow":["GET"]}}],"collection":[{"href":"https:\/\/www.staginggm.com\/it\/wp-json\/wp\/v2\/pages"}],"about":[{"href":"https:\/\/www.staginggm.com\/it\/wp-json\/wp\/v2\/types\/page"}],"author":[{"embeddable":true,"href":"https:\/\/www.staginggm.com\/it\/wp-json\/wp\/v2\/users\/1"}],"replies":[{"embeddable":true,"href":"https:\/\/www.staginggm.com\/it\/wp-json\/wp\/v2\/comments?post=15613"}],"version-history":[{"count":0,"href":"https:\/\/www.staginggm.com\/it\/wp-json\/wp\/v2\/pages\/15613\/revisions"}],"wp:attachment":[{"href":"https:\/\/www.staginggm.com\/it\/wp-json\/wp\/v2\/media?parent=15613"}],"curies":[{"name":"wp","href":"https:\/\/api.w.org\/{rel}","templated":true}]}}