   
{"id":11337,"date":"2012-11-29T11:59:53","date_gmt":"2012-11-29T11:59:53","guid":{"rendered":"https:\/\/www.geneticmatrix.com\/diseno-humano-centro-rai\/"},"modified":"2020-09-20T14:37:26","modified_gmt":"2020-09-20T14:37:26","slug":"diseno-humano-centro-rai","status":"publish","type":"page","link":"https:\/\/www.staginggm.com\/es\/diseno-humano-centro-rai\/","title":{"rendered":"Dise\u00f1o Humano - Centro Ra\u00ed"},"content":{"rendered":"<div id=\"content\">\r\n<div class=\"test_page\">\r\n<div class=\"breadcam\"><a href=\"\/\">Home<\/a> \u00bb <a href=\"\/human-design-info-center\/\">Info-Center<\/a> \u00bb<a href=\"\/human-design-the-9-centers\/\">9 Centro<\/a> \u00bb Dise\u00f1o Humano - Centro Ra\u00edz<\/div>\r\n<\/div>\r\n<div class=\"l_content left mar_top\">\r\n<div class=\"services\">\r\n<h3><strong>Dise\u00f1o Humano - Centro Ra\u00edz<\/strong><\/h3>\r\n<ul>\r\n \t<li style=\"list-style-type: none;\">\r\n<ul>\r\n \t<li>El Centro Ra\u00edz es un Centro Motor (Energ\u00eda de Estr\u00e9s) y un Centro de Presi\u00f3n. Controla la respuesta de \u201clucha o huida\u201d en el cuerpo.<\/li>\r\n \t<li>Cuatro de las nueve puertas en el Centro Ra\u00edz son parte del Circuito del Colectivo (41,52,53,58).<\/li>\r\n \t<li>Tres de las nueve puertas en el Centro Ra\u00edz son parte del Circuito Individual del Saber (38,39,60).<\/li>\r\n \t<li>Dos de las nueve puertas en el Centro Ra\u00edz son parte del Circuito Tribal (19,54).<\/li>\r\n<\/ul>\r\n<\/li>\r\n<\/ul>\r\n<div><a href=\"https:\/\/www.geneticmatrix.com\/wp-content\/uploads\/2020\/07\/Root-Center-Image.png\"><img class=\"alignnone wp-image-11338 size-medium\" src=\"https:\/\/www.geneticmatrix.com\/wp-content\/uploads\/2020\/07\/Root-Center-Image-300x174.png\" alt=\"\" width=\"300\" height=\"174\" \/><\/a><\/div>\r\n<\/div>\r\n<div class=\"services\">\r\n\r\n<!--\r\n<div class=\"root right\">Coloca el mouse sobre esta imagen<\/div>\r\n-->\r\n<div class=\"clear\"><\/div>\r\n<div class=\"services\">\r\n<div class=\"clear\"><\/div>\r\n<div class=\"right gall_sys\">\r\n<ul>\r\n \t<li>1 - Presi\u00f3n del conocer (Individual)<\/li>\r\n \t<li>2 - Presi\u00f3n Tribal<\/li>\r\n \t<li>3 - Presi\u00f3n del comprender (L\u00f3gica)<\/li>\r\n \t<li>4 - Presi\u00f3n del sentir (Abstracci\u00f3n)<\/li>\r\n<\/ul>\r\n<h3>La biolog\u00eda<\/h3>\r\n<ul>\r\n \t<li>La <a href=\"https:\/\/en.wikipedia.org\/wiki\/Adrenal_glands\" target=\"_new\" rel=\"noopener noreferrer\">gl\u00e1ndulas adrenales<\/a> son triangulares <a href=\"https:\/\/en.wikipedia.org\/wiki\/Endocrine_gland\" target=\"_new\" rel=\"noopener noreferrer\">gl\u00e1ndulas endocrinas <\/a>que se ubican arriba de los <a href=\"https:\/\/en.wikipedia.org\/wiki\/Kidney\" target=\"_new\" rel=\"noopener noreferrer\">ri\u00f1ones<\/a>.<\/li>\r\n \t<li>Las gl\u00e1ndulas adrenales son responsables de regular la <a href=\"https:\/\/en.wikipedia.org\/wiki\/Stress_%28medicine%29\" target=\"_new\" rel=\"noopener noreferrer\">de estr\u00e9s<\/a> de regular la respuesta <a href=\"https:\/\/en.wikipedia.org\/wiki\/Biosynthesis\" target=\"_new\" rel=\"noopener noreferrer\">cuerpo al sintetizar<\/a> <a href=\"https:\/\/en.wikipedia.org\/wiki\/Corticosteroid\" target=\"_new\" rel=\"noopener noreferrer\">corticosteroides <\/a> y <a href=\"https:\/\/en.wikipedia.org\/wiki\/Catecholamine\" target=\"_new\" rel=\"noopener noreferrer\">catecolaminas<\/a> que incluyen <a href=\"https:\/\/en.wikipedia.org\/wiki\/Cortisol\" target=\"_new\" rel=\"noopener noreferrer\">cortisol <\/a> Y <a href=\"https:\/\/en.wikipedia.org\/wiki\/Adrenaline\" target=\"_new\" rel=\"noopener noreferrer\">adrenalina <\/a> (Epinefrina).<\/li>\r\n<\/ul>\r\n<\/div>\r\n<h3>Algunas palabras asociadas con el Centro ra\u00edz y sus <a href=\"&lt;?php echo site_url(); ?&gt;\/human-design-gates\/\">puertas<\/a> son:<\/h3>\r\n<table class=\"personality\" border=\"1\" width=\"650\" cellspacing=\"0\" cellpadding=\"0\">\r\n<tbody>\r\n<tr>\r\n<td>Presi\u00f3n<\/td>\r\n<td>Estr\u00e9s<\/td>\r\n<td>Calma<\/td>\r\n<\/tr>\r\n<tr>\r\n<td>Punto de enfoque<\/td>\r\n<td>Aceptaci\u00f3n<\/td>\r\n<td>Limitaci\u00f3n<\/td>\r\n<\/tr>\r\n<tr>\r\n<td>Fantas\u00eda<\/td>\r\n<td>Experiencias nuevas<\/td>\r\n<td>Vitalidad<\/td>\r\n<\/tr>\r\n<tr>\r\n<td>Contrarrestar autoridad<\/td>\r\n<td>Demandas<\/td>\r\n<td>Servicio<\/td>\r\n<\/tr>\r\n<tr>\r\n<td>Oposici\u00f3n<\/td>\r\n<td>Peleas<\/td>\r\n<td>Agresi\u00f3n<\/td>\r\n<\/tr>\r\n<tr>\r\n<td>Ambici\u00f3n material<\/td>\r\n<td>Inicios<\/td>\r\n<td>Libertad<\/td>\r\n<\/tr>\r\n<tr>\r\n<td>Necesidad<\/td>\r\n<td>Coqueteo<\/td>\r\n<td>Sensitividad<\/td>\r\n<\/tr>\r\n<tr>\r\n<td>Tacto<\/td>\r\n<td>Territorio<\/td>\r\n<td>Provocation<\/td>\r\n<\/tr>\r\n<tr>\r\n<td>Individualismo<\/td>\r\n<td>Tensi\u00f3n<\/td>\r\n<td>Sordera<\/td>\r\n<\/tr>\r\n<\/tbody>\r\n<\/table>\r\n<\/div>\r\n<\/div>\r\n<\/div>\r\n<div class=\"r_content right mar_top\"><\/div>\r\n<div class=\"clear\"><\/div>\r\n<\/div>","protected":false},"excerpt":{"rendered":"<p>Home \u00bb Info-Center \u00bb9 Centro \u00bb Dise\u00f1o Humano &#8211; Centro Ra\u00edz Dise\u00f1o Humano &#8211; Centro Ra\u00edz El Centro Ra\u00edz es un Centro Motor (Energ\u00eda de Estr\u00e9s) y un Centro de Presi\u00f3n. Controla la respuesta de \u201clucha o huida\u201d en el cuerpo. Cuatro de las nueve puertas en el Centro Ra\u00edz son parte del Circuito del&hellip; <a class=\"more-link\" href=\"https:\/\/www.staginggm.com\/es\/diseno-humano-centro-rai\/\">Seguir leyendo <span class=\"screen-reader-text\">Dise\u00f1o Humano &#8211; Centro Ra\u00ed<\/span><\/a><\/p>\n","protected":false},"author":1,"featured_media":0,"parent":0,"menu_order":0,"comment_status":"closed","ping_status":"closed","template":"","meta":{"footnotes":""},"class_list":["post-11337","page","type-page","status-publish","hentry","entry"],"_links":{"self":[{"href":"https:\/\/www.staginggm.com\/es\/wp-json\/wp\/v2\/pages\/11337","targetHints":{"allow":["GET"]}}],"collection":[{"href":"https:\/\/www.staginggm.com\/es\/wp-json\/wp\/v2\/pages"}],"about":[{"href":"https:\/\/www.staginggm.com\/es\/wp-json\/wp\/v2\/types\/page"}],"author":[{"embeddable":true,"href":"https:\/\/www.staginggm.com\/es\/wp-json\/wp\/v2\/users\/1"}],"replies":[{"embeddable":true,"href":"https:\/\/www.staginggm.com\/es\/wp-json\/wp\/v2\/comments?post=11337"}],"version-history":[{"count":0,"href":"https:\/\/www.staginggm.com\/es\/wp-json\/wp\/v2\/pages\/11337\/revisions"}],"wp:attachment":[{"href":"https:\/\/www.staginggm.com\/es\/wp-json\/wp\/v2\/media?parent=11337"}],"curies":[{"name":"wp","href":"https:\/\/api.w.org\/{rel}","templated":true}]}}