   
{"id":11232,"date":"2012-09-12T09:37:31","date_gmt":"2012-09-12T09:37:31","guid":{"rendered":"https:\/\/www.geneticmatrix.com\/diseno-humano-proyector\/"},"modified":"2021-03-24T12:08:37","modified_gmt":"2021-03-24T12:08:37","slug":"diseno-humano-proyector","status":"publish","type":"page","link":"https:\/\/www.staginggm.com\/es\/diseno-humano-proyector\/","title":{"rendered":"Dise\u00f1o Humano - Proyector"},"content":{"rendered":"<div id=\"content\">\r\n<div class=\"test_page\">\r\n<div class=\"breadcam\"><a href=\"\/\">Home<\/a> \u00bb <a href=\"\/human-design-info-center\/\">Centro de informaci\u00f3n<\/a>\u00bb<a href=\"\/human-design-types\/\">Types<\/a> \u00bb Dise\u00f1o Humano - Proyector<\/div>\r\n<\/div>\r\n<div class=\"l_content left mar_top\">\r\n<div class=\"services\">\r\n<h3><strong>Dise\u00f1o Humano - Proyector<\/strong><\/h3>\r\n<ul>\r\n \t<li style=\"list-style-type: none;\">\r\n<ul>\r\n \t<li>Los Proyectores constituyen el 22% de la poblaci\u00f3n.<\/li>\r\n \t<li>El papel natural para un Proyector es el ser invitado a guiar los tipos energ\u00e9ticos con Energ\u00eda Sacra (Generadores y Generadores Manifestantes).<\/li>\r\n<\/ul>\r\n<\/li>\r\n<\/ul>\r\n<a href=\"https:\/\/www.geneticmatrix.com\/wp-content\/uploads\/2012\/09\/Site-Projector.png\"><img class=\"alignnone wp-image-11264 size-full\" title=\"Human Design - Projector\" src=\"https:\/\/www.geneticmatrix.com\/wp-content\/uploads\/2012\/09\/Site-Projector.png\" alt=\"\" width=\"665\" height=\"467\" \/><\/a>\r\n<ul>\r\n \t<li>1 - Ning\u00fan centro de energ\u00eda se conecta a la Garganta.<\/li>\r\n \t<li>2 - El Centro Sacro no debe definirse<\/li>\r\n<\/ul>\r\n<ul>\r\n \t<li>Estrategia- Si el Proyector espera una invitaci\u00f3n antes de embarcarse en decisiones grandes en su vida (su carrera, una relaci\u00f3n, seleccionar un hogar), no habr\u00e1 resistencia de los dem\u00e1s y un Proyector ser\u00e1 concedido el uso de las fuentes de energ\u00eda de quien los haya invitado.<\/li>\r\n \t<li>Los Proyectores son tipos \u201cno energ\u00e9ticos\u201d. Es decir, no est\u00e1n aqu\u00ed para trabajar como lo son los Generadores, que pueden hacer lo mismo una y otra vez. Es por esta raz\u00f3n que deben estudiar y estar informados, para que puedan ser inteligentes con el uso de su energ\u00eda.<\/li>\r\n \t<li>Los Proyectores pueden tener acceso a grandes cantidades de energ\u00eda (excediendo la energ\u00eda individual de cualquier otro tipo energ\u00e9tico) al aceptar invitaciones correctas y al dirigir esas fuentes de energ\u00eda adecuadamente.<\/li>\r\n \t<li>Los Proyectores siempre deben referirse a su Autoridad Interna antes de aceptar cualquier invitaci\u00f3n grande pues no tienen manera de saber si esa invitaci\u00f3n es la correcta para ellos. El aceptar una invitaci\u00f3n incorrecta tiene serias consecuencias a la larga para un Proyector.<\/li>\r\n \t<li>Un Proyector que no sigue su Estrategia y Autoridad Interna sufrir\u00e1 gran agotamiento que luego llevar\u00e1 a alguna enfermedad. Tambi\u00e9n experimentar\u00e1n gran resentimiento hacia otros y hacia la vida.<\/li>\r\n \t<li>Los Proyectores no est\u00e1n dise\u00f1ados para tratar de estar energ\u00e9ticamente \u201ca la par\u201d con los Generadores y Manifestadores. \u00c9ste no es el papel de los Proyectores.<\/li>\r\n \t<li>El aura del proyector est\u00e1 muy enfocada. Se centra en el Centro G de otras personas.<\/li>\r\n \t<li>Hay cuatro diferentes Autoridades Internas para el Proyector, junto con una variaci\u00f3n m\u00e1s que no tiene Autoridad Interna - los Proyectores Mentales.<\/li>\r\n \t<li>No existe otro Tipo de Dise\u00f1o Humano que tenga tantas variaciones de Autoridad Interna como la de un Proyector.<\/li>\r\n \t<li>El nombre \u201cProyector\u201d viene de la naturaleza de su aura. El Proyector se \u201cproyecta\u201d sobre los dem\u00e1s. iEst\u00e1n dise\u00f1ados para ser vistos!<\/li>\r\n \t<li>Los Proyectores deber\u00edan de ser y son estudiantes naturales de informaci\u00f3n y de otras personas. Mientras esperan invitaciones correctas, los Proyectores deber\u00edan estudiar y descansar pues tienen que estar listos cuando la invitaci\u00f3n correcta les llegue.<\/li>\r\n<\/ul>\r\n<\/div>\r\n\r\n<hr \/>\r\n\r\n<div class=\"pure_gen_outer\">\r\n<div class=\"pure_generators left\">\r\n<h3>El Proyector en mayor detalle<\/h3>\r\nAntes de estos tiempos modernos, los Proyectores siempre hab\u00edan estado en la parte m\u00e1s baja de la jerarqu\u00eda de poder y liderazgo. Lo que menos importaba en el pasado era la inteligencia. El poder y la energ\u00eda de los Manifestadores ejerc\u00eda posiciones de poder y los Proyectores no estaban realmente dise\u00f1ados para jugar en ese juego.\r\n\r\n&nbsp;\r\n\r\nHoy en d\u00eda, los Proyectores - que constituyen el 22% de la poblaci\u00f3n - han llegado a la cima de la jerarqu\u00eda del poder. Su papel real es guiar a los tipos energ\u00e9ticos (Manifestadores, Generadores y Generadores Manifestantes) en la manera m\u00e1s eficiente en el uso de su energ\u00eda.\r\n\r\n&nbsp;\r\n\r\nLos Proyectores tienen una habilidad natural para entender a los dem\u00e1s. Son genios en el arte de leer y manejar energ\u00eda eficientemente. Debido a que sus Centros est\u00e1n abiertos, pueden integrar y leer la energ\u00eda de los dem\u00e1s. Gradualmente, con el paso del tiempo, la habilidad que tiene un Proyector para leer y organizar energ\u00eda, le da la sabidur\u00eda para guiar a los dem\u00e1s en la manera m\u00e1s eficiente en el uso de su energ\u00eda, talento y dones.\r\n\r\n&nbsp;\r\n\r\nLos Proyectores tambi\u00e9n est\u00e1n dotados en la organizaci\u00f3n de los dem\u00e1s y en establecer conexiones. Saben c\u00f3mo traer a las personas correctas para completar una tarea espec\u00edfica y saben c\u00f3mo mantener la armon\u00eda en el mundo.\r\nPor estas razones, los Proyectores son l\u00edderes ideales, administradores y gu\u00edas para el mundo democr\u00e1tico moderno en el que vivimos. Los Proyectores tienen una habilidad innata para reconocer el potencial y el talento de otras personas y poder ofrecerles direcci\u00f3n.\r\n\r\n&nbsp;\r\n\r\nNuestro mundo necesita muchos tipos de gu\u00edas, y el grupo de los Proyectores refleja \u00e9sto. Los Proyectores tienen la mayor variedad de centros de Autoridad Interna de todos los tipos de seres humanos. Puedes llegar a conocer Proyectores Emocionales, Proyectores con el Centro Bazo como Autoridad Interna, Proyectores Autoproyectados, Proyectores Mentales, Proyectores Proyectadores del Ego. Como grupo, iest\u00e1n dise\u00f1ados para poder leer y guiar toda variaci\u00f3n de tipo energ\u00e9tico!\r\n\r\n&nbsp;\r\n\r\nEl Proyector es el tipo de ser humano al que se le percibe m\u00e1s \u201ccercano\u201d. Esto se debe a la naturaleza de su aura. Nuestra aura humana representa la energ\u00eda hol\u00edstica que rodea a cada uno de nosotros de manera \u00fanica.\r\n\r\n&nbsp;\r\n\r\nEl aura es nuestra firma electromagn\u00e9tica personal que le dice a todo lo que nos rodea de qu\u00e9 nos tratamos. Nuestra aura se extiende hasta tres metros alrededor de la circunferencia de nuestro cuerpo. El tener un aura tambi\u00e9n nos da la oportunidad de leer e interpretar las auras de los dem\u00e1s. \u00bfConoces esa \u201csensaci\u00f3n\u201d que tienes al conocer a alguien por primera vez - percibiendo si te cae o no bien? Esa es tu aura, alertando todos tus sentidos.\r\nDe hecho, es la naturaleza particular del aura de un Proyector que le da a ellos su nombre. Su aura se \u201cproyecta\u201d hacia afuera, hacia los dem\u00e1s y, a su vez, es \u201cproyectada\u201d por otras personas. En otras palabras, ilos Proyectores est\u00e1n aqu\u00ed para ser vistos!\r\n\r\n&nbsp;\r\n\r\nEl aura de un Proyector est\u00e1 sumamente enfocada en las otras personas a las que conocen. Los Proyectores no se enfocan en un grupo. Se enfocan en un individuo a la vez. El aura de un Generador rodea al grupo entero que los rodea, pero el Proyector se enfoca en una persona a la vez. Cuando conoces a un Proyector, iconocer\u00e1s a alguien que\r\nse enfocar\u00e1 sobre ti como un l\u00e1ser!\r\n\r\n&nbsp;\r\n\r\nLa mayor parte de los Proyectores tienen casi todos sus Centros desactivados - aparecen estar blancos en su carta. Esto significa que los Proyectores reciben y reflejan la energ\u00eda de otras personas desde estos centros blancos. iNo s\u00f3lo reflejan esta energ\u00eda de vuelta, sino que la amplifican! As\u00ed que a veces puede parece que son un d\u00ednamo de energ\u00eda.\r\n\r\n&nbsp;\r\n\r\nSiempre es importante que un Proyector perciba la din\u00e1mica energ\u00e9tica que siente cuando est\u00e1 en un grupo de gente. Esta es la energ\u00eda din\u00e1mica del grupo mismo, no la energ\u00eda generada del propio Proyector. Esa pseudo-energ\u00eda que el Proyector percibe desaparecer\u00e1 en cuanto los tipos energ\u00e9ticos hayan salido del grupo. Cuando esto ocurre, los Proyectores descubren que no tienen energ\u00eda para trabajar; de hecho, iusualmente est\u00e1n extenuados!\r\n\r\n&nbsp;\r\n\r\nLos Proyectores viven en un mundo de gente sumamente ocupada. Los Generadores y Generadores Manifestantes constituyen el 70% de la poblaci\u00f3n. Los tipos energ\u00e9ticos constituyen la gran mayor\u00eda de la gente. As\u00ed que la mayor parte de los Proyectores nunca est\u00e1n lejos del aura de alg\u00fan tipo energ\u00e9tico. Sus centros blancos est\u00e1n recibiendo, amplificando y reflejando esta energ\u00eda abundante casi de manera constante, as\u00ed que el Proyector puede, con el paso del tiempo, agotarse completamente y necesitar\u00e1 un largo periodo de tiempo lejos de los dem\u00e1s.\r\n\r\n&nbsp;\r\n\r\nLos Proyectores que ignoran estos niveles de agotamiento y que resienten no poder seguir con el mismo ritmo que ten\u00edan antes, usualmente est\u00e1n dirigi\u00e9ndose a alg\u00fan tipo de enfermedad y dolor f\u00edsico.\r\n\r\n&nbsp;\r\n\r\nLa mayor parte de los Proyectores adultos que viven en un ambiente de energ\u00eda activa, terminar\u00e1n agotados a menos que entiendan lo que significa ser un Proyector. iNo intentes mantenerte activo como todos los dem\u00e1s! D\u00edte a ti mismo, \u201c\u00bfPor qu\u00e9 est\u00e1n tan ocupados? \u00bfEs eficiente? \u00bfEs inteligente? \u00bfO est\u00e1n dando vueltas sobre el mismo eje, tratando de aparecer ocupados?\u201d Estos tipos energ\u00e9ticos necesitan gu\u00edas inteligentes y los Proyectores no pueden guiarlos si est\u00e1n agotados todo el tiempo, tratando de seguirles el paso.\r\n\r\n&nbsp;\r\n\r\nLos Proyectores requieren mucho descanso puesto a que toman y reflejan tanta energ\u00eda durante el d\u00eda. Un tipo energ\u00e9tico como un Generador Manifestante o Generador, se agotar\u00e1 al final del d\u00eda y simplemente se ir\u00e1 a dormir. Un Proyector se siente agotado frecuentemente durante un d\u00eda y, rara vez, tendr\u00e1 la oportunidad de parar y descansar. As\u00ed que siguen activos m\u00e1s all\u00e1 del punto de estar agotados.\r\n\r\n&nbsp;\r\n\r\nPuesto a que esto ha pasado tanto dentro de su vida, algunos Proyectores encuentran que les es dif\u00edcil dejar de estar activos al final del d\u00eda e irse a dormir. Hemos aprendido a \u201chacer\u201d desde que hemos sido muy peque\u00f1os, as\u00ed que los Proyectores adultos tienden a tener dificultades con romper el patr\u00f3n habitual de este estado de actividad.\r\niLos Proyectores deben aprender a practicar el irse a dormir una hora antes de que piensan que lo necesitan!\r\n\r\n&nbsp;\r\n\r\nDeber\u00edan descansar, leer, ver la tele, escuchar m\u00fasica, permitirse relajarse. Le da tiempo a su cuerpo a soltar la energ\u00eda acumulada que est\u00e1 dando vueltas por su sistema para que puedan descansar. El estar acostados ayuda al 70% de nuestras funciones gen\u00e9ticas a restablecerse y regenerarse, el dormir ayuda a todas nuestras funciones.\r\n\r\n&nbsp;\r\n\r\nIdealmente, un Proyector deber\u00eda tratar de estar fuera del aura de cualquier otra persona mientras descansan. De otro modo, sus centros seguir\u00e1n recibiendo todo aquello que los rodea.\r\n\r\n&nbsp;\r\n<h3>El Proyector como Gu\u00eda<\/h3>\r\nLos Proyectores no pueden simplemente guiar a quien sea. Deben recordar que su estrategia en la vida es \u201cesperar a ser reconocidos e invitados por alguien m\u00e1s\u201d. S\u00f3lo cuando un Proyector est\u00e1 en lo correcto y espera esta invitaci\u00f3n a impartir su inteligencia y sabidur\u00eda, s\u00f3lo entonces su vida ser\u00e1 correcta.\r\nHabiendo dicho eso, ila mayor\u00eda de los Proyectores est\u00e1n usualmente m\u00e1s interesados en la vida de los dem\u00e1s as\u00ed que les encanta meterse en la vida de los otros sin ser invitados! Esta es una cualidad admirable, pero es usualmente el Proyector el que se sentir\u00e1 poco valorado, agotado y rechazado por hacer esto.\r\nEl lamento familiar de un Proyector es, \u201c\u00bfY si no me reconocen e invitan? Seguramente deber\u00eda de hacer algo para que esto ocurra\u201d.\r\nEn verdad, no hay nada que un Proyector pueda hacer hasta que sea reconocido e invitado por la persona correcta. Est\u00e1 en el dise\u00f1o de un Proyector el ser reconocido, as\u00ed que deber\u00edan tener fe en ello.\r\nLos Proyectores est\u00e1n gen\u00e9ticamente dise\u00f1ados - v\u00eda su aura - para que otras personas los reconozcan y se acerquen a ellos. As\u00ed que s\u00f3lo necesitan relajarse y esperar a que la persona correcta se atraviese en su camino. iY lo har\u00e1n! Cuando el Proyector se relaja y permanece callado, el aura del Proyector har\u00e1 su trabajo y traer\u00e1 la invitaci\u00f3n de los dem\u00e1s.\r\nEs tan importante que un Proyector entienda que si sucumbe a este miedo de no ser reconocido y trata de forzar el paso con otras personas, no s\u00f3lo est\u00e1 desperdiciando su energ\u00eda preciada y limitada, sino que tambi\u00e9n est\u00e1 perdiendo verdaderas oportunidades.\r\nEl Proyector nunca lograr\u00e1 encontrar lo que es correcto para ellos al tratar de interferir con la realidad y forzar a que algo suceda.\r\n\r\n&nbsp;\r\n\r\nEl Proyector necesita a la persona correcta en su vida, no a cualquiera.\r\n\u00bfC\u00f3mo sabe un Proyector si alguien es la persona correcta para ellos? iOtras personas los reconocen, se acercar\u00e1n y los invitar\u00e1n! Hasta que eso suceda, no es preciso desperdiciar esa energ\u00eda y sabidur\u00eda preciada en nadie m\u00e1s.\r\nAlgunos Proyectores no tienen una manera consistente para tomar decisiones y otros tienen Autoridades Internas muy sutiles y delicadas. La verdad es que algunos Proyectores pueden ser muy espont\u00e1neos con sus decisiones; otros necesitar\u00e1n esperar una semana para tomar una decisi\u00f3n; y otros tendr\u00e1n que esperar a\u00fan m\u00e1s tiempo, tener discusiones con otras personas y buscar las opiniones de otros antes de llegar a una decisi\u00f3n clara.\r\nEs por esto que es hasta m\u00e1s cr\u00edtico que esperen ese reconocimiento y esa invitaci\u00f3n correcta, puesto a que reduce inmensamente el potencial de tomar decisiones incorrectas.\r\niSin embeargo, un Proyector no deber\u00eda de tomar esta estrategia de \u201cesperar la invitaci\u00f3n\u201d a su extremo! De hecho, si un Proyector s\u00f3lo usa esta estrategia para tomar las decisiones m\u00e1s importantes de su vida, tendr\u00e1 que pagar un costo alto.\r\nSon los momentos cruciales en la vida de un Proyector en los que debe honrar su estrategia de esperar a ser reconocido primero y luego invitado. S\u00f3lo entonces deber\u00eda de tomar una decisi\u00f3n acerca de si esta invitaci\u00f3n es correcta para ellos.\r\n\r\n&nbsp;\r\n<h3>As\u00ed que, para todos los Proyectores::<\/h3>\r\n<ul style=\"margin-left: 35px;\">\r\n \t<li>Espera tu invitaci\u00f3n para una nueva relaci\u00f3n de pareja.<\/li>\r\n \t<li>Espera tu invitaci\u00f3n para una oportunidad laboral, negocio, carrera o en d\u00f3nde estudiar.<\/li>\r\n \t<li>Espera tu invitaci\u00f3n para establecer una amistad o asociaci\u00f3n con alguien.<\/li>\r\n \t<li>Espera tu invitaci\u00f3n para encontrar un nuevo hogar o un lugar en d\u00f3nde vivir.<\/li>\r\n<\/ul>\r\nUltimadamente, el verdadero \u00e9xito en la vida de un Proyector es el seleccionar a la gente correcta que debe de tener en sus vidas. Esa gente realmente los reconocer\u00e1 y apreciar\u00e1 quien es realmente - los Proyectores ser\u00e1n reconocidos como nuestros gu\u00edas sabios e inteligentes.\r\n\r\n<\/div>\r\n<div class=\"right pure_generators_l\">\r\n<ul>\r\n \t<li>\r\n<div class=\"img_alg12\">\r\n\r\n<a href=\"https:\/\/www.geneticmatrix.com\/kennedy-john_f-human-design-chart.html\"><img class=\"alignnone wp-image-11236\" title=\"John F. Kennedy - Emotional Projector\" src=\"https:\/\/www.geneticmatrix.com\/wp-content\/uploads\/2012\/09\/Kennedy-John-F..jpg\" alt=\"\" width=\"180\" height=\"119\" \/><\/a>\r\n\r\n<a href=\"https:\/\/www.geneticmatrix.com\/taylor-elizabeth-human-design-chart.html\"><img class=\"alignnone wp-image-11237\" title=\"Elizabeth Taylor - Emotional Projector\" src=\"https:\/\/www.geneticmatrix.com\/wp-content\/uploads\/2012\/09\/Taylor-Dame-Elizabeth.jpg\" alt=\"\" width=\"180\" height=\"119\" \/><\/a>\r\n\r\n<a href=\"https:\/\/www.geneticmatrix.com\/monet-claude-human-design-chart.html\"><img class=\"alignnone wp-image-11238\" title=\"Claude Monet - Emotional Projector\" src=\"https:\/\/www.geneticmatrix.com\/wp-content\/uploads\/2012\/09\/Monet-Claude.jpg\" alt=\"\" width=\"180\" height=\"119\" \/><\/a>\r\n\r\n<a href=\"https:\/\/www.geneticmatrix.com\/streisand-barbra-human-design-chart.html\"><img class=\"alignnone wp-image-11239\" title=\"Barbra Streisand - Self Projected Projector\" src=\"https:\/\/www.geneticmatrix.com\/wp-content\/uploads\/2012\/09\/Streisand-Barbra.jpg\" alt=\"\" width=\"180\" height=\"119\" \/><\/a>\r\n\r\n<a href=\"https:\/\/www.geneticmatrix.com\/napoleon_i--human-design-chart.html\"><img class=\"alignnone wp-image-11240\" title=\"Napoleon I - Self Projected Projector\" src=\"https:\/\/www.geneticmatrix.com\/wp-content\/uploads\/2012\/09\/Napoleon-I-.jpg\" alt=\"\" width=\"180\" height=\"119\" \/><\/a>\r\n\r\n<a href=\"https:\/\/www.geneticmatrix.com\/merkel-angela-human-design-chart.html\"><img class=\"alignnone wp-image-11241\" title=\"Angela Merkel - Splenic Projector\" src=\"https:\/\/www.geneticmatrix.com\/wp-content\/uploads\/2012\/09\/Merkel-Angela-spp.jpg\" alt=\"\" width=\"180\" height=\"119\" \/><\/a>\r\n\r\n<a href=\"https:\/\/www.geneticmatrix.com\/lincoln-abraham-human-design-chart.html\"><img class=\"alignnone wp-image-11242\" title=\"Abraham Lincoln - Mental Projector\" src=\"https:\/\/www.geneticmatrix.com\/wp-content\/uploads\/2012\/09\/Lincoln-Abraham.jpg\" alt=\"\" width=\"180\" height=\"119\" \/><\/a>\r\n\r\n<a href=\"https:\/\/www.geneticmatrix.com\/wp-content\/uploads\/2012\/09\/Rice-Condoleezza-spp.jpg\"><img class=\"alignnone wp-image-11243\" title=\"Condoleezza Rice - Splenic Projector\" src=\"https:\/\/www.geneticmatrix.com\/wp-content\/uploads\/2012\/09\/Rice-Condoleezza-spp.jpg\" alt=\"\" width=\"180\" height=\"119\" \/><\/a>\r\n\r\n<a href=\"https:\/\/www.geneticmatrix.com\/wozniak-steve-human-design-chart.html\"><img class=\"alignnone wp-image-11244\" title=\"Steve Wozniak - Mental Projector\" src=\"https:\/\/www.geneticmatrix.com\/wp-content\/uploads\/2012\/09\/Wozniak-Steve.jpg\" alt=\"\" width=\"180\" height=\"119\" \/><\/a>\r\n\r\n<a href=\"https:\/\/www.geneticmatrix.com\/darwin-charles-human-design-chart.html\"><img class=\"alignnone wp-image-11245\" title=\"Charles Darwin - Splenic Projector \" src=\"https:\/\/www.geneticmatrix.com\/wp-content\/uploads\/2012\/09\/Darwin-Charles-spP.jpg\" alt=\"\" width=\"180\" height=\"119\" \/><\/a>\r\n\r\n<a href=\"https:\/\/www.geneticmatrix.com\/x-malcolm-human-design-chart.html\"><img class=\"alignnone wp-image-11246\" title=\"Malcolm X - Splenic Projector\" src=\"https:\/\/www.geneticmatrix.com\/wp-content\/uploads\/2012\/09\/X-Malcolm.jpg\" alt=\"\" width=\"180\" height=\"119\" \/><\/a>\r\n\r\n<a href=\"https:\/\/www.geneticmatrix.com\/earhart-amelia-human-design-chart.html\"><img class=\"alignnone wp-image-11247\" title=\"Amelia Earhart - Mental Projector\" src=\"https:\/\/www.geneticmatrix.com\/wp-content\/uploads\/2012\/09\/Earhart-Amelia.jpg\" alt=\"\" width=\"180\" height=\"119\" \/><\/a>\r\n\r\n<a href=\"https:\/\/www.geneticmatrix.com\/butler-gerard-human-design-chart.html\"><img class=\"alignnone wp-image-11248\" title=\"Gerard Butler - Splenic Projector\" src=\"https:\/\/www.geneticmatrix.com\/wp-content\/uploads\/2012\/09\/Butler-Gerard-spp1.jpg\" alt=\"\" width=\"180\" height=\"119\" \/><\/a>\r\n\r\n<a href=\"https:\/\/www.geneticmatrix.com\/goodall-jane-human-design-chart.html\"><img class=\"alignnone wp-image-11249\" title=\"Jane Goodall - Emotional Projector\" src=\"https:\/\/www.geneticmatrix.com\/wp-content\/uploads\/2012\/09\/Goodall-Jane-p.jpg\" alt=\"\" width=\"180\" height=\"119\" \/><\/a>\r\n\r\n<a href=\"https:\/\/www.geneticmatrix.com\/lister-joseph-human-design-chart.html\"><img class=\"alignnone wp-image-11250\" title=\"Joseph Lister - Ego Projected Projector\" src=\"https:\/\/www.geneticmatrix.com\/wp-content\/uploads\/2012\/09\/Lister-Joseph.jpg\" alt=\"\" width=\"180\" height=\"119\" \/><\/a>\r\n\r\n<a href=\"https:\/\/www.geneticmatrix.com\/tutu-desmond-human-design-chart.html\"><img class=\"alignnone wp-image-11251\" title=\"Desmond Tutu - Splenic Projector\" src=\"https:\/\/www.geneticmatrix.com\/wp-content\/uploads\/2012\/09\/Tutu-Desmond-spp.jpg\" alt=\"\" width=\"180\" height=\"119\" \/><\/a>\r\n\r\n<a href=\"https:\/\/www.geneticmatrix.com\/edison-thomas-human-design-chart.html\"><img class=\"alignnone wp-image-11252\" title=\"Thomas Edison - Splenic Projector\" src=\"https:\/\/www.geneticmatrix.com\/wp-content\/uploads\/2012\/09\/Edison-Thomas-spp.jpg\" alt=\"\" width=\"180\" height=\"119\" \/><\/a>\r\n\r\n<a href=\"https:\/\/www.geneticmatrix.com\/foster-jodie-human-design-chart.html\"><img class=\"alignnone wp-image-11253\" title=\"Jodie Foster - Emotional Projector\" src=\"https:\/\/www.geneticmatrix.com\/wp-content\/uploads\/2012\/09\/Foster-Jodie.jpg\" alt=\"\" width=\"180\" height=\"119\" \/><\/a>\r\n\r\n<a href=\"https:\/\/www.geneticmatrix.com\/asimov-isaac-human-design-chart.html\"><img class=\"alignnone wp-image-11254\" title=\"Isaac Asimov - Emotional Projector \" src=\"https:\/\/www.geneticmatrix.com\/wp-content\/uploads\/2012\/09\/Asimov-Isaac-P1.jpg\" alt=\"\" width=\"180\" height=\"119\" \/><\/a>\r\n\r\n<a href=\"https:\/\/www.geneticmatrix.com\/washington-denzel-human-design-chart.html\"><img class=\"alignnone wp-image-11255\" title=\"Denzel Washington - Splenic Projector\" src=\"https:\/\/www.geneticmatrix.com\/wp-content\/uploads\/2012\/09\/Washington-Denzel-spp.jpg\" alt=\"\" width=\"180\" height=\"119\" \/><\/a>\r\n\r\n<a href=\"https:\/\/www.geneticmatrix.com\/day-doris-human-design-chart.html\"><img class=\"alignnone wp-image-11256\" title=\"Doris Day - Splenic Projector\" src=\"https:\/\/www.geneticmatrix.com\/wp-content\/uploads\/2012\/09\/Day-Doris-spp.jpg\" alt=\"\" width=\"180\" height=\"119\" \/><\/a>\r\n\r\n<a href=\"https:\/\/www.geneticmatrix.com\/mahler-gustav-human-design-chart.html\"><img class=\"alignnone wp-image-11257\" title=\"Gustav Mahler - Splenic Projector\" src=\"https:\/\/www.geneticmatrix.com\/wp-content\/uploads\/2012\/09\/Mahler-Gustav.jpg\" alt=\"\" width=\"180\" height=\"119\" \/><\/a>\r\n\r\n<a href=\"https:\/\/www.geneticmatrix.com\/obama-barack-human-design-chart.html\"><img class=\"alignnone wp-image-11258\" title=\"Barack Obama - Emotional Projector\" src=\"https:\/\/www.geneticmatrix.com\/wp-content\/uploads\/2012\/09\/Obama-Barack-P1.jpg\" alt=\"\" width=\"180\" height=\"119\" \/><\/a>\r\n\r\n<a href=\"https:\/\/www.geneticmatrix.com\/monroe-marilyn-human-design-chart.html\"><img class=\"alignnone wp-image-11259\" title=\"Marilyn Monroe - Emotional Projector\" src=\"https:\/\/www.geneticmatrix.com\/wp-content\/uploads\/2012\/09\/Monroe-Marilyn-P1.jpg\" alt=\"\" width=\"180\" height=\"119\" \/><\/a>\r\n\r\n<a href=\"https:\/\/www.geneticmatrix.com\/baker-chet-human-design-chart.html\"><img class=\"alignnone wp-image-11260\" title=\"Chet Baker - Splenic Projector\" src=\"https:\/\/www.geneticmatrix.com\/wp-content\/uploads\/2012\/09\/Baker-Chet-spp.jpg\" alt=\"\" width=\"180\" height=\"119\" \/><\/a>\r\n\r\n<a href=\"https:\/\/www.geneticmatrix.com\/churchill-sir_winston-human-design-chart.html\"><img class=\"alignnone wp-image-11261\" title=\"Sir Winston Churchill - Emotional Projector\" src=\"https:\/\/www.geneticmatrix.com\/wp-content\/uploads\/2012\/09\/Churchill-Sir-Winston.jpg\" alt=\"\" width=\"180\" height=\"119\" \/><\/a>\r\n\r\n<a href=\"https:\/\/www.geneticmatrix.com\/williams-serena-human-design-chart.html\"><img class=\"alignnone wp-image-11262\" title=\"Serena Williams - Mental Projector\" src=\"https:\/\/www.geneticmatrix.com\/wp-content\/uploads\/2012\/09\/Williams-Serena-.jpg\" alt=\"\" width=\"180\" height=\"119\" \/><\/a>\r\n\r\n<a href=\"https:\/\/www.geneticmatrix.com\/spielberg-steven-human-design-chart.html\"><img class=\"alignnone wp-image-11263\" title=\"Steven Spielberg - Self Projected Projector\" src=\"https:\/\/www.geneticmatrix.com\/wp-content\/uploads\/2012\/09\/Spielberg-Steven.jpg\" alt=\"\" width=\"180\" height=\"119\" \/><\/a>\r\n\r\n&nbsp;\r\n\r\n&nbsp;\r\n\r\n<\/div><\/li>\r\n<\/ul>\r\n<\/div>\r\n<\/div>\r\n<div class=\"clear\"><\/div>\r\n<\/div>\r\n<div class=\"r_content right mar_top\"><\/div>\r\n<div class=\"r_content right mar_top\"><\/div>\r\n<div class=\"r_content right mar_top\"><\/div>\r\n<div class=\"r_content right mar_top\"><\/div>\r\n<div class=\"r_content right mar_top\"><\/div>\r\n<div class=\"r_content right mar_top\"><\/div>\r\n<div class=\"r_content right mar_top\"><\/div>\r\n<div class=\"r_content right mar_top\"><\/div>\r\n<div class=\"r_content right mar_top\"><\/div>\r\n<div class=\"r_content right mar_top\"><\/div>\r\n<div class=\"r_content right mar_top\"><\/div>\r\n<div class=\"r_content right mar_top\"><\/div>\r\n<div class=\"clear\"><\/div>\r\n<\/div>","protected":false},"excerpt":{"rendered":"<p>Home \u00bb Centro de informaci\u00f3n\u00bbTypes \u00bb Dise\u00f1o Humano &#8211; Proyector Dise\u00f1o Humano &#8211; Proyector Los Proyectores constituyen el 22% de la poblaci\u00f3n. El papel natural para un Proyector es el ser invitado a guiar los tipos energ\u00e9ticos con Energ\u00eda Sacra (Generadores y Generadores Manifestantes). 1 &#8211; Ning\u00fan centro de energ\u00eda se conecta a la Garganta.&hellip; <a class=\"more-link\" href=\"https:\/\/www.staginggm.com\/es\/diseno-humano-proyector\/\">Seguir leyendo <span class=\"screen-reader-text\">Dise\u00f1o Humano &#8211; Proyector<\/span><\/a><\/p>\n","protected":false},"author":1,"featured_media":0,"parent":0,"menu_order":0,"comment_status":"closed","ping_status":"closed","template":"","meta":{"footnotes":""},"class_list":["post-11232","page","type-page","status-publish","hentry","entry"],"_links":{"self":[{"href":"https:\/\/www.staginggm.com\/es\/wp-json\/wp\/v2\/pages\/11232","targetHints":{"allow":["GET"]}}],"collection":[{"href":"https:\/\/www.staginggm.com\/es\/wp-json\/wp\/v2\/pages"}],"about":[{"href":"https:\/\/www.staginggm.com\/es\/wp-json\/wp\/v2\/types\/page"}],"author":[{"embeddable":true,"href":"https:\/\/www.staginggm.com\/es\/wp-json\/wp\/v2\/users\/1"}],"replies":[{"embeddable":true,"href":"https:\/\/www.staginggm.com\/es\/wp-json\/wp\/v2\/comments?post=11232"}],"version-history":[{"count":0,"href":"https:\/\/www.staginggm.com\/es\/wp-json\/wp\/v2\/pages\/11232\/revisions"}],"wp:attachment":[{"href":"https:\/\/www.staginggm.com\/es\/wp-json\/wp\/v2\/media?parent=11232"}],"curies":[{"name":"wp","href":"https:\/\/api.w.org\/{rel}","templated":true}]}}