   
{"id":11181,"date":"2012-09-11T12:40:08","date_gmt":"2012-09-11T12:40:08","guid":{"rendered":"https:\/\/www.geneticmatrix.com\/human-design-solar-plexus-center\/"},"modified":"2020-09-21T07:28:47","modified_gmt":"2020-09-21T07:28:47","slug":"human-design-solar-plexus-center","status":"publish","type":"page","link":"https:\/\/www.staginggm.com\/es\/human-design-solar-plexus-center\/","title":{"rendered":"Dise\u00f1o-Humano-Solar-Plexus-Center"},"content":{"rendered":"<div id=\"content\">\r\n<div class=\"test_page\">\r\n<div class=\"breadcam\"><a href=\"\/\">Home<\/a> \u00bb <a href=\"https:\/\/www.geneticmatrix.com\/human-design-info-center\/\">Info-Center<\/a> \u00bb<a href=\"https:\/\/www.geneticmatrix.com\/es\/the-9-centers\/\">9 Centro<\/a> \u00bb Dise\u00f1o Humano - Centro del Plexo Solar<\/div>\r\n<\/div>\r\n<div class=\"l_content left mar_top\">\r\n<div class=\"services\">\r\n<h3><strong>Dise\u00f1o Humano - Centro del Plexo Solar<\/strong><\/h3>\r\n<ul>\r\n \t<li>El Centro del Plexo Solar es un Centro Motor y un Centro de Consciencia (Energ\u00eda en Onda).<\/li>\r\n<\/ul>\r\n<a href=\"https:\/\/www.geneticmatrix.com\/wp-content\/uploads\/2020\/07\/Solar-Plexus-Image.jpg\"><img class=\"alignnone wp-image-11182 size-medium\" src=\"https:\/\/www.geneticmatrix.com\/wp-content\/uploads\/2020\/07\/Solar-Plexus-Image-252x300.jpg\" alt=\"\" width=\"252\" height=\"300\" \/><\/a>\r\n<!--\r\n<div class=\"solarple right\">Coloca el mouse sobre esta imagen<\/div>\r\n-->\r\n<div class=\"clear\"><\/div>\r\n<div class=\"services\">\r\n<div class=\"right gall_sys\">\r\n<h3>La biolog\u00eda<\/h3>\r\n<ul>\r\n \t<li>Tres de las siete puertas del Centro del Plexo Solar son parte del Circuito Tribal (6,37,49)<\/li>\r\n \t<li>Dos de las siete puertas del Centro del Plexo Solar son parte del Circuito Individual (22,55)<\/li>\r\n \t<li>Dos de las siete puertas del Centro del Plexo Solar son parte del Circuito Colectivo (30,36) - ambos son Abstractos por naturaleza.<\/li>\r\n \t<li>No hay ninguna puerta Colectiva L\u00f3gica en el Centro del Plexo Solar.<\/li>\r\n \t<li>El <a href=\"https:\/\/en.wikipedia.org\/wiki\/Nervous_system\" target=\"_new\" rel=\"noopener noreferrer\">sistema nervioso<\/a> se comunica con nosotros acerca de lo que nos rodea - \u00e9sto provoca reacciones en otras partes de nuestro cuerpo.<\/li>\r\n \t<li>Los <a href=\"https:\/\/en.wikipedia.org\/wiki\/Kidneys\" target=\"_new\" rel=\"noopener noreferrer\">ri\u00f1ones<\/a> son \u00f3rganos complejos que cumplen muchas funciones biol\u00f3gicas <a href=\"https:\/\/en.wikipedia.org\/wiki\/Homeostasis\" target=\"_new\" rel=\"noopener noreferrer\">homeostasis<\/a> de nuestros fluidos corporales..<\/li>\r\n \t<li>El <a href=\"https:\/\/en.wikipedia.org\/wiki\/Pancreas\" target=\"_new\" rel=\"noopener noreferrer\">p\u00e1ncreas<\/a> es una gl\u00e1ndula y \u00f3rgano que forma parte del sistema digestivo de nuestro cuerpo. Produce y secreta fluidos importantes para el funcionamiento de nuestro <a href=\"https:\/\/en.wikipedia.org\/wiki\/Digestive_system\" target=\"_new\" rel=\"noopener noreferrer\">sistema digestivo <\/a> y <a href=\"https:\/\/en.wikipedia.org\/wiki\/Endocrine_system\" target=\"_new\" rel=\"noopener noreferrer\"> end\u00f3crino<\/a>.<\/li>\r\n \t<li>S\u00f3lo los hombres tienen una <a href=\"https:\/\/en.wikipedia.org\/wiki\/Prostate\" target=\"_new\" rel=\"noopener noreferrer\">pr\u00f3stata<\/a> y su funci\u00f3n principal es almacenar <a href=\"https:\/\/en.wikipedia.org\/wiki\/Base_%28chemistry%29\" target=\"_new\" rel=\"noopener noreferrer\"> alcalino<\/a> secretar un l\u00edquido que compromete 10-30% the <a href=\"https:\/\/en.wikipedia.org\/wiki\/Seminal_fluid\" target=\"_new\" rel=\"noopener noreferrer\">del l\u00edquido seminal.<\/a>.<\/li>\r\n<\/ul>\r\n<\/div>\r\n<div class=\"clear\"><\/div>\r\n<h3>Algunas palabras asociadas con el Centro del plexo solar y sus <a href=\"&lt;?php echo site_url(); ?&gt;\/human-design-gates\/\">puertas <\/a> son:<\/h3>\r\n<table class=\"personality\" border=\"1\" width=\"650\" cellspacing=\"0\" cellpadding=\"0\">\r\n<tbody>\r\n<tr>\r\n<td>Olas emocionales<\/td>\r\n<td>Discriminaci\u00f3n<\/td>\r\n<td>Comunidad<\/td>\r\n<\/tr>\r\n<tr>\r\n<td>Amistad<\/td>\r\n<td>No hay verdad en el Ahora<\/td>\r\n<td>Tratos<\/td>\r\n<\/tr>\r\n<tr>\r\n<td>Sensibilidad<\/td>\r\n<td>Lealtad<\/td>\r\n<td>Apertura<\/td>\r\n<\/tr>\r\n<tr>\r\n<td>Esp\u00edritu<\/td>\r\n<td>Rechazo<\/td>\r\n<td>Principios<\/td>\r\n<\/tr>\r\n<tr>\r\n<td>Revoluci\u00f3n<\/td>\r\n<td>Estados de \u00e1nimo<\/td>\r\n<td>Ac\u00fastica<\/td>\r\n<\/tr>\r\n<tr>\r\n<td>Amor<\/td>\r\n<td>Comer (o no)<\/td>\r\n<td>Deseo<\/td>\r\n<\/tr>\r\n<tr>\r\n<td>Sentimientos<\/td>\r\n<td>Cr\u00edsis<\/td>\r\n<td>Sociable (o no)<\/td>\r\n<\/tr>\r\n<\/tbody>\r\n<\/table>\r\n<\/div>\r\n<\/div>\r\n<\/div>\r\n<div class=\"r_content right mar_top\"><\/div>\r\n<div class=\"clear\"><\/div>\r\n<\/div>","protected":false},"excerpt":{"rendered":"<p>Home \u00bb Info-Center \u00bb9 Centro \u00bb Dise\u00f1o Humano &#8211; Centro del Plexo Solar Dise\u00f1o Humano &#8211; Centro del Plexo Solar El Centro del Plexo Solar es un Centro Motor y un Centro de Consciencia (Energ\u00eda en Onda). La biolog\u00eda Tres de las siete puertas del Centro del Plexo Solar son parte del Circuito Tribal (6,37,49)&hellip; <a class=\"more-link\" href=\"https:\/\/www.staginggm.com\/es\/human-design-solar-plexus-center\/\">Seguir leyendo <span class=\"screen-reader-text\">Dise\u00f1o-Humano-Solar-Plexus-Center<\/span><\/a><\/p>\n","protected":false},"author":1,"featured_media":0,"parent":0,"menu_order":0,"comment_status":"closed","ping_status":"closed","template":"","meta":{"footnotes":""},"class_list":["post-11181","page","type-page","status-publish","hentry","entry"],"_links":{"self":[{"href":"https:\/\/www.staginggm.com\/es\/wp-json\/wp\/v2\/pages\/11181","targetHints":{"allow":["GET"]}}],"collection":[{"href":"https:\/\/www.staginggm.com\/es\/wp-json\/wp\/v2\/pages"}],"about":[{"href":"https:\/\/www.staginggm.com\/es\/wp-json\/wp\/v2\/types\/page"}],"author":[{"embeddable":true,"href":"https:\/\/www.staginggm.com\/es\/wp-json\/wp\/v2\/users\/1"}],"replies":[{"embeddable":true,"href":"https:\/\/www.staginggm.com\/es\/wp-json\/wp\/v2\/comments?post=11181"}],"version-history":[{"count":0,"href":"https:\/\/www.staginggm.com\/es\/wp-json\/wp\/v2\/pages\/11181\/revisions"}],"wp:attachment":[{"href":"https:\/\/www.staginggm.com\/es\/wp-json\/wp\/v2\/media?parent=11181"}],"curies":[{"name":"wp","href":"https:\/\/api.w.org\/{rel}","templated":true}]}}