   
{"id":11152,"date":"2012-09-10T10:10:56","date_gmt":"2012-09-10T10:10:56","guid":{"rendered":"https:\/\/www.geneticmatrix.com\/diseno-humano-centro-sacro\/"},"modified":"2020-09-20T14:38:57","modified_gmt":"2020-09-20T14:38:57","slug":"diseno-humano-centro-sacro","status":"publish","type":"page","link":"https:\/\/www.staginggm.com\/es\/diseno-humano-centro-sacro\/","title":{"rendered":"Dise\u00f1o Humano - Centro Sacro"},"content":{"rendered":"<div id=\"content\">\r\n<div class=\"test_page\">\r\n<div class=\"breadcam\"><a href=\"\/\">Home<\/a> \u00bb <a href=\"https:\/\/www.geneticmatrix.com\/human-design-info-center\/\">Info-Center<\/a> \u00bb<a href=\"https:\/\/www.geneticmatrix.com\/es\/the-9-centers\/\">9 Centro<\/a> \u00bb Dise\u00f1o Humano - Centro Sacro<\/div>\r\n<\/div>\r\n<div class=\"l_content left mar_top\">\r\n<div class=\"services\">\r\n<h3><strong>Dise\u00f1o Humano - Centro Sacro<\/strong><\/h3>\r\n<ul>\r\n \t<li>El Centro Sacro es un Centro Motor poderoso (energ\u00eda vital).<\/li>\r\n<\/ul>\r\n<div><a href=\"https:\/\/www.geneticmatrix.com\/wp-content\/uploads\/2020\/07\/image-12.png\"><img class=\"alignnone wp-image-11153 size-medium\" src=\"https:\/\/www.geneticmatrix.com\/wp-content\/uploads\/2020\/07\/image-12-300x273.png\" alt=\"\" width=\"300\" height=\"273\" \/><\/a><\/div>\r\n<!--\r\n<div class=\"img_hover right\">Mueve tu cursor sobre las im\u00e1genes<\/div>\r\n-->\r\n<div class=\"right gall_sys\">\r\n<h3>La biolog\u00eda<\/h3>\r\n<ul>\r\n \t<li>Cuatro de las nueve puertas del Centro Sacro (5,9,29,42) son parte del Circuito Colectivo.<\/li>\r\n \t<li>Dos de las nueve puertas del Centro Sacro (3,14) son parte del Circuito Individual del Saber.<\/li>\r\n \t<li>Dos de las nueve puertas del Centro Sacro (27,59) son parte del Circuito Tribal.<\/li>\r\n \t<li>Una de las nueve puertas del Centro Sacro (34) es parte del Circuito Individual (Centrante) y la Red de Integraci\u00f3n. Esto depende las puertas que se conecten a \u00e9l (o no)\r\n.<\/li>\r\n \t<li>Propulsados por nuestros genes,<a href=\"https:\/\/en.wikipedia.org\/wiki\/Reproductive_organs\" target=\"_new\" rel=\"noopener noreferrer\">los \u00f3rganos reproductivos<\/a> aseguran que nuestra especie se reproduzca y permanezca gen\u00e9ticamente viable.<\/li>\r\n \t<li>El Centro Sacro es un v\u00f3rtex <a href=\"https:\/\/en.wikipedia.org\/wiki\/Vortex\" target=\"_new\" rel=\"noopener noreferrer\">energ\u00e9tico<\/a> que opera con un movimiento espiral dentro del cuerpo.<\/li>\r\n<\/ul>\r\n<\/div>\r\n<div class=\"clear\"><\/div>\r\n<h3>Algunas palabras asociadas con el Centro sacro y sus<a href=\"https:\/\/www.geneticmatrix.com\/human-design-gates\/\">puertas<\/a> son:<\/h3>\r\n<table class=\"personality tab_mar\" border=\"1\" width=\"650\" cellspacing=\"0\" cellpadding=\"0\">\r\n<tbody>\r\n<tr>\r\n<td>Generativo<\/td>\r\n<td>Crecimiento<\/td>\r\n<td>Completar<\/td>\r\n<\/tr>\r\n<tr>\r\n<td>V\u00f3rtex<\/td>\r\n<td>Ciclos<\/td>\r\n<td>Ordenar<\/td>\r\n<\/tr>\r\n<tr>\r\n<td>Lo nuevo<\/td>\r\n<td>Enfoque<\/td>\r\n<td>Detalles<\/td>\r\n<\/tr>\r\n<tr>\r\n<td>Planear<\/td>\r\n<td>Cari\u00f1o<\/td>\r\n<td>Nutrir<\/td>\r\n<\/tr>\r\n<tr>\r\n<td>Poder<\/td>\r\n<td>Egoismo<\/td>\r\n<td>Riqueza<\/td>\r\n<\/tr>\r\n<tr>\r\n<td>Esclavitud<\/td>\r\n<td>Compromiso<\/td>\r\n<td>Industriosidad<\/td>\r\n<\/tr>\r\n<tr>\r\n<td>Reproducci\u00f3n<\/td>\r\n<td>Intimidad<\/td>\r\n<td>Fertilidad<\/td>\r\n<\/tr>\r\n<tr>\r\n<td>Espera<\/td>\r\n<td>Ritmos fijos<\/td>\r\n<td>H\u00e1bitos<\/td>\r\n<\/tr>\r\n<\/tbody>\r\n<\/table>\r\n<div class=\"services\"><\/div>\r\n<\/div>\r\n<\/div>\r\n<div class=\"r_content right mar_top\"><\/div>\r\n<div class=\"clear\"><\/div>\r\n<\/div>","protected":false},"excerpt":{"rendered":"<p>Home \u00bb Info-Center \u00bb9 Centro \u00bb Dise\u00f1o Humano &#8211; Centro Sacro Dise\u00f1o Humano &#8211; Centro Sacro El Centro Sacro es un Centro Motor poderoso (energ\u00eda vital). La biolog\u00eda Cuatro de las nueve puertas del Centro Sacro (5,9,29,42) son parte del Circuito Colectivo. Dos de las nueve puertas del Centro Sacro (3,14) son parte del Circuito&hellip; <a class=\"more-link\" href=\"https:\/\/www.staginggm.com\/es\/diseno-humano-centro-sacro\/\">Seguir leyendo <span class=\"screen-reader-text\">Dise\u00f1o Humano &#8211; Centro Sacro<\/span><\/a><\/p>\n","protected":false},"author":1,"featured_media":0,"parent":0,"menu_order":0,"comment_status":"closed","ping_status":"closed","template":"","meta":{"footnotes":""},"class_list":["post-11152","page","type-page","status-publish","hentry","entry"],"_links":{"self":[{"href":"https:\/\/www.staginggm.com\/es\/wp-json\/wp\/v2\/pages\/11152","targetHints":{"allow":["GET"]}}],"collection":[{"href":"https:\/\/www.staginggm.com\/es\/wp-json\/wp\/v2\/pages"}],"about":[{"href":"https:\/\/www.staginggm.com\/es\/wp-json\/wp\/v2\/types\/page"}],"author":[{"embeddable":true,"href":"https:\/\/www.staginggm.com\/es\/wp-json\/wp\/v2\/users\/1"}],"replies":[{"embeddable":true,"href":"https:\/\/www.staginggm.com\/es\/wp-json\/wp\/v2\/comments?post=11152"}],"version-history":[{"count":0,"href":"https:\/\/www.staginggm.com\/es\/wp-json\/wp\/v2\/pages\/11152\/revisions"}],"wp:attachment":[{"href":"https:\/\/www.staginggm.com\/es\/wp-json\/wp\/v2\/media?parent=11152"}],"curies":[{"name":"wp","href":"https:\/\/api.w.org\/{rel}","templated":true}]}}