   
{"id":13393,"date":"2020-11-03T11:20:59","date_gmt":"2020-11-03T11:20:59","guid":{"rendered":"https:\/\/www.geneticmatrixtest.com\/?page_id=13393"},"modified":"2020-11-12T07:50:09","modified_gmt":"2020-11-12T07:50:09","slug":"human-design-inkarnationskreuze","status":"publish","type":"page","link":"https:\/\/www.staginggm.com\/de\/human-design-inkarnationskreuze\/","title":{"rendered":"Human Design \u2013 Inkarnationskreuze"},"content":{"rendered":"<div id=\"content\">\r\n<div class=\"test_page\">\r\n<div class=\"breadcam\"><a href=\"\/\">Zuhause<\/a> \u00bb <a href=\"\/de\/informationszentrum\/\">informationszentrum<\/a> \u00bb Human Design \u2013 Inkarnationskreuze<\/div>\r\n<\/div>\r\n<div class=\"l_content left mar_top\">\r\n<div class=\"services\">\r\n<h3><strong>Human Design \u2013 Inkarnationskreuze<\/strong><\/h3>\r\nWir alle wurden geboren oder \"inkarniert\" mit einem Inkarnationskreuzthema f\u00fcr unser Leben.\r\n\r\nDieses Thema stellt dar, wo Deine Lebensrichtung oder Dein Lebenszweck liegt, wenn Du Deiner <a href=\"\/de\/typenstrategie\/\">Strategie <\/a> und inneren <a href=\"\/de\/human-design-innere-autoritaet\/\"> Autorit\u00e4t<\/a> richtig folgst.\r\n<ul>\r\n \t<li style=\"list-style-type: none;\">\r\n<ul>\r\n \t<li>Es gibt 768 grundlegende Inkarnationskreuzvariationen im Human Design.<\/li>\r\n \t<li>448 sind Kreuze im rechten Winkel \u2013 Pers\u00f6nliches Schicksal.<\/li>\r\n \t<li>256 sind Linkswinkelkreuze - transpersonales Schicksal.<\/li>\r\n \t<li>64 sind Juxtapositionskreuze \u2013 festes Schicksal.<\/li>\r\n \t<li>Die 768 grundlegenden Inkarnationskreuze erhielten 112 thematische Namen.<\/li>\r\n \t<li>Es ist dieser thematische Name, der in Deiner Grafik f\u00fcr Human Design angezeigt wird.<\/li>\r\n<\/ul>\r\n<\/li>\r\n<\/ul>\r\n<h3>Siehe die vollst\u00e4ndige Liste der <a href=\"\/de\/human-design-rechtswinkelinkarnation-kreuznamen\/\">Rechtswinkelinkarnationskreuznamen.<\/a><\/h3>\r\nDie 448 Rechtswinkelinkarnationskreuze haben 16 thematische Namen. Jeder thematische Name des rechten Winkels tritt einmal in jedem der vier Viertel des menschlichen Designrads auf. So tritt jeder thematische Name insgesamt viermal auf. Zum Beispiel der Name \"Rechtswinkelkreuz der vier Wege\" kommt viermal vor, einmal in jedem Quartal.\r\n<h3>Siehe die vollst\u00e4ndige Liste der Kreuznamen der <a href=\"\/de\/human-design-linkswinkelinkarnation-kreuznamen\/\">Linkswinkelinkarnation. <\/a><\/h3>\r\nDie 256 Linkswinkelinkarnationskreuze haben 32 thematische Namen. Jeder Name tritt einmal in zwei getrennten Quartalen auf. Zum Beispiel der Name \"Linkswinkelkreuz der Masken\" tritt zweimal in den vier Vierteln auf.\r\n<h3>Sehen Sie sich die vollst\u00e4ndige Liste der <a href=\"\/de\/human-design-juxtapositionsinkarnation-kreuznamen\/\">Juxtapositioninkarnationskreuznamen<\/a><\/h3>\r\nDie 64 Juxtapositioninkarnationskreuze haben 64 thematische Namen. Jeder Name tritt nur einmal in einem bestimmten Quartal auf. Zum Beispiel der Name \"Juxtapositionkreuz des Schicksals\" kommt nur einmal in allen vier Vierteln vor.\r\n\r\n<strong>Eine weitere Ebene \u2013<\/strong> Auf der tiefsten Ebene des menschlichen Designwissens werden diese 768 grundlegenden Inkarnationskreuze zu insgesamt 69.120 m\u00f6glichen Inkarnationskreuzen. Diese beziehen sich auf die spezifischen Tore, Linien, Farben, T\u00f6ne und Basen, in denen Du geboren wurdest. Es geht \u00fcber den Rahmen dieser Website hinaus, Dich auf diese Detailebene zu bringen.\r\n\r\nAber es gen\u00fcgt zu sagen, wenn Du die richtige Beschreibung Deines Menschwerdungskreuzes innerhalb der 768 grundlegenden Variationen erh\u00e4ltst, wird es f\u00fcr Dich gen\u00fcgen, die Richtung und die Natur Deines Lebenszwecks zu verstehen.\r\n<h3>Wie finde ich mein Inkarnationskreuzquartal?<\/h3>\r\n<a href=\"\/de\/menschliches-design-inkarnation-sonnentisch\/\">Finde es hier heraus<\/a>\r\n\r\n<\/div>\r\n<div class=\"clear\"><\/div>\r\n<\/div>\r\n<div class=\"r_content right mar_top\"><\/div>\r\n<div class=\"clear\"><\/div>\r\n<\/div>","protected":false},"excerpt":{"rendered":"<p>Zuhause \u00bb informationszentrum \u00bb Human Design \u2013 Inkarnationskreuze Human Design \u2013 Inkarnationskreuze Wir alle wurden geboren oder &#8222;inkarniert&#8220; mit einem Inkarnationskreuzthema f\u00fcr unser Leben. Dieses Thema stellt dar, wo Deine Lebensrichtung oder Dein Lebenszweck liegt, wenn Du Deiner Strategie und inneren Autorit\u00e4t richtig folgst. Es gibt 768 grundlegende Inkarnationskreuzvariationen im Human Design. 448 sind Kreuze&hellip; <a class=\"more-link\" href=\"https:\/\/www.staginggm.com\/de\/human-design-inkarnationskreuze\/\"><span class=\"screen-reader-text\">Human Design \u2013 Inkarnationskreuze<\/span> weiterlesen<\/a><\/p>\n","protected":false},"author":1,"featured_media":0,"parent":0,"menu_order":0,"comment_status":"closed","ping_status":"closed","template":"","meta":{"footnotes":""},"class_list":["post-13393","page","type-page","status-publish","hentry","entry"],"_links":{"self":[{"href":"https:\/\/www.staginggm.com\/de\/wp-json\/wp\/v2\/pages\/13393","targetHints":{"allow":["GET"]}}],"collection":[{"href":"https:\/\/www.staginggm.com\/de\/wp-json\/wp\/v2\/pages"}],"about":[{"href":"https:\/\/www.staginggm.com\/de\/wp-json\/wp\/v2\/types\/page"}],"author":[{"embeddable":true,"href":"https:\/\/www.staginggm.com\/de\/wp-json\/wp\/v2\/users\/1"}],"replies":[{"embeddable":true,"href":"https:\/\/www.staginggm.com\/de\/wp-json\/wp\/v2\/comments?post=13393"}],"version-history":[{"count":0,"href":"https:\/\/www.staginggm.com\/de\/wp-json\/wp\/v2\/pages\/13393\/revisions"}],"wp:attachment":[{"href":"https:\/\/www.staginggm.com\/de\/wp-json\/wp\/v2\/media?parent=13393"}],"curies":[{"name":"wp","href":"https:\/\/api.w.org\/{rel}","templated":true}]}}