   
{"id":13273,"date":"2020-10-27T14:48:59","date_gmt":"2020-10-27T14:48:59","guid":{"rendered":"https:\/\/www.geneticmatrixtest.com\/?page_id=13273"},"modified":"2020-10-28T06:10:06","modified_gmt":"2020-10-28T06:10:06","slug":"human-design-solarplexuszentrum","status":"publish","type":"page","link":"https:\/\/www.staginggm.com\/de\/human-design-solarplexuszentrum\/","title":{"rendered":"Human Design \u2013 Solarplexuszentrum"},"content":{"rendered":"<div id=\"content\">\r\n<div class=\"test_page\">\r\n<div class=\"breadcam\"><a href=\"\/\">Zuhause<\/a> \u00bb <a href=\"\/de\/centro-de-informacoes\/\">Centro De Informacoes<\/a> \u00bb<a href=\"\/Human Design \u2013 Solarplexuszentrum\/\">9 Zentren<\/a> \u00bb Human Design \u2013 Solarplexuszentrum<\/div>\r\n<\/div>\r\n<div class=\"l_content left mar_top\">\r\n<div class=\"services\">\r\n<h3><strong>Human Design \u2013 Solarplexuszentrum<\/strong><\/h3>\r\n<ul>\r\n \t<li>Das Solarplexuszentrum ist sowohl ein Bewusstseins- als auch ein Antriebszentrum (Wellenengergie).<\/li>\r\n<\/ul>\r\n<a href=\"https:\/\/www.geneticmatrix.com\/wp-content\/uploads\/2020\/07\/Solar-Plexus-Image.jpg\"><img class=\"alignnone wp-image-13277 size-medium\" src=\"https:\/\/www.geneticmatrix.com\/wp-content\/uploads\/2020\/07\/Solar-Plexus-Image-252x300.jpg\" alt=\"\" width=\"252\" height=\"300\" \/><\/a>\r\n\r\n<\/div>\r\n<\/div>\r\n<\/div>\r\n<div id=\"content\">\r\n<div class=\"l_content left mar_top\">\r\n<div class=\"services\">\r\n\r\n<!--\r\n<div class=\"solarple right\">Bewegen Sie Ihre Maus \u00fcber die Bilder<\/div>\r\n-->\r\n<div class=\"clear\"><\/div>\r\n<div class=\"services\">\r\n<div class=\"right gall_sys\">\r\n<h3>Die Biologie<\/h3>\r\n<ul>\r\n \t<li>Drei der sieben Tore im Solarplexuszentrum sind Teil der Stammschaltung (6,37,49)<\/li>\r\n \t<li>Zwei der sieben Tore im Solar Plexus Center sind Teil des Einzelkreises (22,55)<\/li>\r\n \t<li>Zwei der sieben Tore im Solarplexuszentrum sind Teil der Kollektivschaltung (30,36) \u2013 beide sind abstrakter Natur.<\/li>\r\n \t<li>Es gibt keine logischen Kollektivtore im Solarplexuszentrum.<\/li>\r\n \t<li>Das <a href=\"https:\/\/en.wikipedia.org\/wiki\/Nervous_system\" target=\"_new\" rel=\"noopener noreferrer\">Nervensystem<\/a> kommuniziert mit uns \u00fcber unsere Umgebung. Dies verursacht Reaktionen in anderen Teilen unseres K\u00f6rpers.<\/li>\r\n \t<li>Die <a href=\"https:\/\/en.wikipedia.org\/wiki\/Kidneys\" target=\"_new\" rel=\"noopener noreferrer\">Nieren<\/a> sind komplizierte Organe, die zahlreiche biologische Rollen haben. Ihre Hauptaufgabe ist es, das<a href=\"https:\/\/en.wikipedia.org\/wiki\/Homeostasis\" target=\"_new\" rel=\"noopener noreferrer\">panostatische<\/a> Gleichgewicht unserer K\u00f6rperfl\u00fcssigkeiten<\/li>\r\n \t<li>Die <a href=\"https:\/\/en.wikipedia.org\/wiki\/Pancreas\" target=\"_new\" rel=\"noopener noreferrer\">Bauchspeicheldr\u00fcse<\/a> ist eine Dr\u00fcse und ein Organ, das Teil des Verdauungssystems in unserem K\u00f6rper ist. Es produziert und sezerniert wichtige Fl\u00fcssigkeiten f\u00fcr unsere <a href=\"https:\/\/en.wikipedia.org\/wiki\/Digestive_system\" target=\"_new\" rel=\"noopener noreferrer\">Verdauungs-<\/a> und <a href=\"https:\/\/en.wikipedia.org\/wiki\/Endocrine_system\" target=\"_new\" rel=\"noopener noreferrer\">endokrinen Systeme.<\/a>.<\/li>\r\n \t<li>Nur M\u00e4nner haben eine <a href=\"https:\/\/en.wikipedia.org\/wiki\/Prostate\" target=\"_new\" rel=\"noopenernoreferrer noopener noreferrer\">Prostatadr\u00fcse<\/a> und ihre Hauptfunktion ist es, eine leicht <a href=\"https:\/\/en.wikipedia.org\/wiki\/Base_%28chemistry%29\" target=\"_new\" rel=\"noopener noreferrer\">alkalische<\/a>Fl\u00fcssigkeit die 10-30% der <a href=\"https:\/\/en.wikipedia.org\/wiki\/Seminal_fluid\" target=\"_new\" rel=\"noopener noreferrer\">Samenfl\u00fcssigkeit<\/a>.<\/li>\r\n<\/ul>\r\n<\/div>\r\n<div class=\"clear\"><\/div>\r\n<h3>Einige der Schl\u00fcsselw\u00f6rter, die mit dem Solarplexuszentrum und verkn\u00fcpft sind,<a href=\"&lt;?php echo site_url(); ?&gt;\/human-design-gates\/\">Toren<\/a> sind:<\/h3>\r\n<table class=\"personality\" border=\"1\" width=\"650\" cellspacing=\"0\" cellpadding=\"0\">\r\n<tbody>\r\n<tr>\r\n<td>Emotionale Wellen<\/td>\r\n<td>Diskriminierung<\/td>\r\n<td>Gemeinschaft<\/td>\r\n<\/tr>\r\n<tr>\r\n<td>Freundschaft<\/td>\r\n<td>Keine Wahrheit im Jetzt<\/td>\r\n<td>Schn\u00e4ppchen<\/td>\r\n<\/tr>\r\n<tr>\r\n<td>Empfindlichkeit<\/td>\r\n<td>Loyalit\u00e4t<\/td>\r\n<td>Offenheit<\/td>\r\n<\/tr>\r\n<tr>\r\n<td>Geist<\/td>\r\n<td>Ablehnung<\/td>\r\n<td>Grunds\u00e4tze<\/td>\r\n<\/tr>\r\n<tr>\r\n<td>Revolution<\/td>\r\n<td>Stimmungen<\/td>\r\n<td>Akustisch<\/td>\r\n<\/tr>\r\n<tr>\r\n<td>Liebe<\/td>\r\n<td>Essen (oder nicht)<\/td>\r\n<td>Wunsch<\/td>\r\n<\/tr>\r\n<tr>\r\n<td>Gef\u00fchle<\/td>\r\n<td>Krise<\/td>\r\n<td>Sozial (oder nicht)<\/td>\r\n<\/tr>\r\n<\/tbody>\r\n<\/table>\r\n<\/div>\r\n<\/div>\r\n<\/div>\r\n<div class=\"r_content right mar_top\"><\/div>\r\n<div class=\"clear\"><\/div>\r\n<\/div>","protected":false},"excerpt":{"rendered":"<p>Zuhause \u00bb Centro De Informacoes \u00bb9 Zentren \u00bb Human Design \u2013 Solarplexuszentrum Human Design \u2013 Solarplexuszentrum Das Solarplexuszentrum ist sowohl ein Bewusstseins- als auch ein Antriebszentrum (Wellenengergie). Die Biologie Drei der sieben Tore im Solarplexuszentrum sind Teil der Stammschaltung (6,37,49) Zwei der sieben Tore im Solar Plexus Center sind Teil des Einzelkreises (22,55) Zwei der&hellip; <a class=\"more-link\" href=\"https:\/\/www.staginggm.com\/de\/human-design-solarplexuszentrum\/\"><span class=\"screen-reader-text\">Human Design \u2013 Solarplexuszentrum<\/span> weiterlesen<\/a><\/p>\n","protected":false},"author":1,"featured_media":0,"parent":0,"menu_order":0,"comment_status":"closed","ping_status":"closed","template":"","meta":{"footnotes":""},"class_list":["post-13273","page","type-page","status-publish","hentry","entry"],"_links":{"self":[{"href":"https:\/\/www.staginggm.com\/de\/wp-json\/wp\/v2\/pages\/13273","targetHints":{"allow":["GET"]}}],"collection":[{"href":"https:\/\/www.staginggm.com\/de\/wp-json\/wp\/v2\/pages"}],"about":[{"href":"https:\/\/www.staginggm.com\/de\/wp-json\/wp\/v2\/types\/page"}],"author":[{"embeddable":true,"href":"https:\/\/www.staginggm.com\/de\/wp-json\/wp\/v2\/users\/1"}],"replies":[{"embeddable":true,"href":"https:\/\/www.staginggm.com\/de\/wp-json\/wp\/v2\/comments?post=13273"}],"version-history":[{"count":0,"href":"https:\/\/www.staginggm.com\/de\/wp-json\/wp\/v2\/pages\/13273\/revisions"}],"wp:attachment":[{"href":"https:\/\/www.staginggm.com\/de\/wp-json\/wp\/v2\/media?parent=13273"}],"curies":[{"name":"wp","href":"https:\/\/api.w.org\/{rel}","templated":true}]}}